{"id":137318,"date":"2025-05-06T15:19:06","date_gmt":"2025-05-06T18:19:06","guid":{"rendered":"https:\/\/inbs.com.br\/cursos\/conta-de-afiliado\/"},"modified":"2025-11-27T11:59:26","modified_gmt":"2025-11-27T14:59:26","slug":"conta-de-afiliado","status":"publish","type":"page","link":"https:\/\/inbs.com.br\/cursos\/conta-de-afiliado\/","title":{"rendered":"Painel do afiliado"},"content":{"rendered":"\t\t<div data-elementor-type=\"wp-page\" data-elementor-id=\"137318\" class=\"elementor elementor-137318\">\n\t\t\t\t\t\t<section class=\"elementor-section elementor-top-section elementor-element elementor-element-96365e5 elementor-section-boxed elementor-section-height-default elementor-section-height-default\" data-id=\"96365e5\" data-element_type=\"section\" data-e-type=\"section\">\n\t\t\t\t\t\t<div class=\"elementor-container elementor-column-gap-default\">\n\t\t\t\t\t<div class=\"elementor-column elementor-col-33 elementor-top-column elementor-element elementor-element-3a6213e\" data-id=\"3a6213e\" data-element_type=\"column\" data-e-type=\"column\">\n\t\t\t<div class=\"elementor-widget-wrap elementor-element-populated\">\n\t\t\t\t\t\t<div class=\"elementor-element elementor-element-e403b31 elementor-widget elementor-widget-heading\" data-id=\"e403b31\" data-element_type=\"widget\" data-e-type=\"widget\" data-widget_type=\"heading.default\">\n\t\t\t\t<div class=\"elementor-widget-container\">\n\t\t\t\t\t<h2 class=\"elementor-heading-title elementor-size-default\">Painel do afiliado<\/h2>\t\t\t\t<\/div>\n\t\t\t\t<\/div>\n\t\t\t\t\t<\/div>\n\t\t<\/div>\n\t\t\t\t\t<\/div>\n\t\t<\/section>\n\t\t\t\t<section class=\"elementor-section elementor-top-section elementor-element elementor-element-ec739b0 elementor-section-boxed elementor-section-height-default elementor-section-height-default\" data-id=\"ec739b0\" data-element_type=\"section\" data-e-type=\"section\">\n\t\t\t\t\t\t<div class=\"elementor-container elementor-column-gap-default\">\n\t\t\t\t\t<div class=\"elementor-column elementor-col-100 elementor-top-column elementor-element elementor-element-0b2f872\" data-id=\"0b2f872\" data-element_type=\"column\" data-e-type=\"column\">\n\t\t\t<div class=\"elementor-widget-wrap elementor-element-populated\">\n\t\t\t\t\t\t<div class=\"elementor-element elementor-element-6a4ceb1 elementor-widget elementor-widget-shortcode\" data-id=\"6a4ceb1\" data-element_type=\"widget\" data-e-type=\"widget\" data-widget_type=\"shortcode.default\">\n\t\t\t\t<div class=\"elementor-widget-container\">\n\t\t\t\t\t\t\t<div class=\"elementor-shortcode\"><\/div>\n\t\t\t\t\t\t<\/div>\n\t\t\t\t<\/div>\n\t\t\t\t\t<\/div>\n\t\t<\/div>\n\t\t\t\t\t<\/div>\n\t\t<\/section>\n\t\t\t\t<\/div>\n\t\t","protected":false},"excerpt":{"rendered":"<p>Painel do afiliado Saldo: Solicitar saque Acessar lista de cursos Propor novo curso Enviar proposta de curso Tem um curso ou treinamento em mente? Envie sua proposta para an\u00e1lise. Clique no bot\u00e3o e preencha o formul\u00e1rio. Retornaremos em at\u00e9 24 horas. Enviar proposta Guia de produ\u00e7\u00e3o de cursos Acesse nosso guia de produ\u00e7\u00e3o de cursos [&hellip;]<\/p>\n","protected":false},"author":1,"featured_media":0,"parent":0,"menu_order":0,"comment_status":"closed","ping_status":"closed","template":"","meta":{"_acf_changed":false,"site-sidebar-layout":"default","site-content-layout":"","ast-site-content-layout":"default","site-content-style":"default","site-sidebar-style":"default","ast-global-header-display":"","ast-banner-title-visibility":"","ast-main-header-display":"","ast-hfb-above-header-display":"","ast-hfb-below-header-display":"","ast-hfb-mobile-header-display":"","site-post-title":"","ast-breadcrumbs-content":"","ast-featured-img":"","footer-sml-layout":"","ast-disable-related-posts":"","theme-transparent-header-meta":"","adv-header-id-meta":"","stick-header-meta":"","header-above-stick-meta":"","header-main-stick-meta":"","header-below-stick-meta":"","astra-migrate-meta-layouts":"set","ast-page-background-enabled":"default","ast-page-background-meta":{"desktop":{"background-color":"","background-image":"","background-repeat":"repeat","background-position":"center center","background-size":"auto","background-attachment":"scroll","background-type":"","background-media":"","overlay-type":"","overlay-color":"","overlay-opacity":"","overlay-gradient":""},"tablet":{"background-color":"","background-image":"","background-repeat":"repeat","background-position":"center center","background-size":"auto","background-attachment":"scroll","background-type":"","background-media":"","overlay-type":"","overlay-color":"","overlay-opacity":"","overlay-gradient":""},"mobile":{"background-color":"","background-image":"","background-repeat":"repeat","background-position":"center center","background-size":"auto","background-attachment":"scroll","background-type":"","background-media":"","overlay-type":"","overlay-color":"","overlay-opacity":"","overlay-gradient":""}},"ast-content-background-meta":{"desktop":{"background-color":"var(--ast-global-color-5)","background-image":"","background-repeat":"repeat","background-position":"center center","background-size":"auto","background-attachment":"scroll","background-type":"","background-media":"","overlay-type":"","overlay-color":"","overlay-opacity":"","overlay-gradient":""},"tablet":{"background-color":"var(--ast-global-color-5)","background-image":"","background-repeat":"repeat","background-position":"center center","background-size":"auto","background-attachment":"scroll","background-type":"","background-media":"","overlay-type":"","overlay-color":"","overlay-opacity":"","overlay-gradient":""},"mobile":{"background-color":"var(--ast-global-color-5)","background-image":"","background-repeat":"repeat","background-position":"center center","background-size":"auto","background-attachment":"scroll","background-type":"","background-media":"","overlay-type":"","overlay-color":"","overlay-opacity":"","overlay-gradient":""}},"footnotes":""},"class_list":["post-137318","page","type-page","status-publish","hentry"],"acf":[],"yoast_head":"<!-- This site is optimized with the Yoast SEO Premium plugin v22.2 (Yoast SEO v27.3) - https:\/\/yoast.com\/product\/yoast-seo-premium-wordpress\/ -->\n<title>Painel do afiliado - Cursos online - Instituto Brasileiro de Sustentabilidade<\/title>\n<meta name=\"robots\" content=\"index, follow, max-snippet:-1, max-image-preview:large, max-video-preview:-1\" \/>\n<link rel=\"canonical\" href=\"https:\/\/inbs.com.br\/cursos\/conta-de-afiliado\/\" \/>\n<meta property=\"og:locale\" content=\"pt_BR\" \/>\n<meta property=\"og:type\" content=\"article\" \/>\n<meta property=\"og:title\" content=\"Painel do afiliado\" \/>\n<meta property=\"og:description\" content=\"Painel do afiliado Saldo: Solicitar saque Acessar lista de cursos Propor novo curso Enviar proposta de curso Tem um curso ou treinamento em mente? Envie sua proposta para an\u00e1lise. Clique no bot\u00e3o e preencha o formul\u00e1rio. Retornaremos em at\u00e9 24 horas. Enviar proposta Guia de produ\u00e7\u00e3o de cursos Acesse nosso guia de produ\u00e7\u00e3o de cursos [&hellip;]\" \/>\n<meta property=\"og:url\" content=\"https:\/\/inbs.com.br\/cursos\/conta-de-afiliado\/\" \/>\n<meta property=\"og:site_name\" content=\"Cursos online - Instituto Brasileiro de Sustentabilidade\" \/>\n<meta property=\"article:modified_time\" content=\"2025-11-27T14:59:26+00:00\" \/>\n<meta name=\"twitter:card\" content=\"summary_large_image\" \/>\n<meta name=\"twitter:label1\" content=\"Est. tempo de leitura\" \/>\n\t<meta name=\"twitter:data1\" content=\"1 minuto\" \/>\n<script type=\"application\/ld+json\" class=\"yoast-schema-graph\">{\"@context\":\"https:\\\/\\\/schema.org\",\"@graph\":[{\"@type\":\"WebPage\",\"@id\":\"https:\\\/\\\/inbs.com.br\\\/cursos\\\/conta-de-afiliado\\\/\",\"url\":\"https:\\\/\\\/inbs.com.br\\\/cursos\\\/conta-de-afiliado\\\/\",\"name\":\"Painel do afiliado - Cursos online - Instituto Brasileiro de Sustentabilidade\",\"isPartOf\":{\"@id\":\"https:\\\/\\\/inbs.com.br\\\/cursos\\\/#website\"},\"datePublished\":\"2025-05-06T18:19:06+00:00\",\"dateModified\":\"2025-11-27T14:59:26+00:00\",\"breadcrumb\":{\"@id\":\"https:\\\/\\\/inbs.com.br\\\/cursos\\\/conta-de-afiliado\\\/#breadcrumb\"},\"inLanguage\":\"pt-BR\",\"potentialAction\":[{\"@type\":\"ReadAction\",\"target\":[\"https:\\\/\\\/inbs.com.br\\\/cursos\\\/conta-de-afiliado\\\/\"]}]},{\"@type\":\"BreadcrumbList\",\"@id\":\"https:\\\/\\\/inbs.com.br\\\/cursos\\\/conta-de-afiliado\\\/#breadcrumb\",\"itemListElement\":[{\"@type\":\"ListItem\",\"position\":1,\"name\":\"Principal\",\"item\":\"https:\\\/\\\/inbs.com.br\\\/cursos\\\/\"},{\"@type\":\"ListItem\",\"position\":2,\"name\":\"Painel do afiliado\"}]},{\"@type\":\"WebSite\",\"@id\":\"https:\\\/\\\/inbs.com.br\\\/cursos\\\/#website\",\"url\":\"https:\\\/\\\/inbs.com.br\\\/cursos\\\/\",\"name\":\"Cursos online - Instituto Brasileiro de Sustentabilidade\",\"description\":\"Cursos 100% online com certificados digital e impresso.\",\"publisher\":{\"@id\":\"https:\\\/\\\/inbs.com.br\\\/cursos\\\/#organization\"},\"potentialAction\":[{\"@type\":\"SearchAction\",\"target\":{\"@type\":\"EntryPoint\",\"urlTemplate\":\"https:\\\/\\\/inbs.com.br\\\/cursos\\\/?s={search_term_string}\"},\"query-input\":{\"@type\":\"PropertyValueSpecification\",\"valueRequired\":true,\"valueName\":\"search_term_string\"}}],\"inLanguage\":\"pt-BR\"},{\"@type\":\"Organization\",\"@id\":\"https:\\\/\\\/inbs.com.br\\\/cursos\\\/#organization\",\"name\":\"Cursos online - Instituto Brasileiro de Sustentabilidade\",\"url\":\"https:\\\/\\\/inbs.com.br\\\/cursos\\\/\",\"logo\":{\"@type\":\"ImageObject\",\"inLanguage\":\"pt-BR\",\"@id\":\"https:\\\/\\\/inbs.com.br\\\/cursos\\\/#\\\/schema\\\/logo\\\/image\\\/\",\"url\":\"https:\\\/\\\/inbs.com.br\\\/cursos\\\/wp-content\\\/uploads\\\/2022\\\/09\\\/quadrado-redes-sociais-e1664089729701.png\",\"contentUrl\":\"https:\\\/\\\/inbs.com.br\\\/cursos\\\/wp-content\\\/uploads\\\/2022\\\/09\\\/quadrado-redes-sociais-e1664089729701.png\",\"width\":500,\"height\":280,\"caption\":\"Cursos online - Instituto Brasileiro de Sustentabilidade\"},\"image\":{\"@id\":\"https:\\\/\\\/inbs.com.br\\\/cursos\\\/#\\\/schema\\\/logo\\\/image\\\/\"},\"sameAs\":[\"https:\\\/\\\/www.instagram.com\\\/ibsustentabilidade\",\"https:\\\/\\\/www.linkedin.com\\\/company\\\/3366339\",\"https:\\\/\\\/www.youtube.com\\\/channel\\\/UCPz0PwTsRjXQQDbuvbGtokQ\",\"https:\\\/\\\/br.pinterest.com\\\/ibsustentabilidade\"]}]}<\/script>\n<!-- \/ Yoast SEO Premium plugin. -->","yoast_head_json":{"title":"Painel do afiliado - Cursos online - Instituto Brasileiro de Sustentabilidade","robots":{"index":"index","follow":"follow","max-snippet":"max-snippet:-1","max-image-preview":"max-image-preview:large","max-video-preview":"max-video-preview:-1"},"canonical":"https:\/\/inbs.com.br\/cursos\/conta-de-afiliado\/","og_locale":"pt_BR","og_type":"article","og_title":"Painel do afiliado","og_description":"Painel do afiliado Saldo: Solicitar saque Acessar lista de cursos Propor novo curso Enviar proposta de curso Tem um curso ou treinamento em mente? Envie sua proposta para an\u00e1lise. Clique no bot\u00e3o e preencha o formul\u00e1rio. Retornaremos em at\u00e9 24 horas. Enviar proposta Guia de produ\u00e7\u00e3o de cursos Acesse nosso guia de produ\u00e7\u00e3o de cursos [&hellip;]","og_url":"https:\/\/inbs.com.br\/cursos\/conta-de-afiliado\/","og_site_name":"Cursos online - Instituto Brasileiro de Sustentabilidade","article_modified_time":"2025-11-27T14:59:26+00:00","twitter_card":"summary_large_image","twitter_misc":{"Est. tempo de leitura":"1 minuto"},"schema":{"@context":"https:\/\/schema.org","@graph":[{"@type":"WebPage","@id":"https:\/\/inbs.com.br\/cursos\/conta-de-afiliado\/","url":"https:\/\/inbs.com.br\/cursos\/conta-de-afiliado\/","name":"Painel do afiliado - Cursos online - Instituto Brasileiro de Sustentabilidade","isPartOf":{"@id":"https:\/\/inbs.com.br\/cursos\/#website"},"datePublished":"2025-05-06T18:19:06+00:00","dateModified":"2025-11-27T14:59:26+00:00","breadcrumb":{"@id":"https:\/\/inbs.com.br\/cursos\/conta-de-afiliado\/#breadcrumb"},"inLanguage":"pt-BR","potentialAction":[{"@type":"ReadAction","target":["https:\/\/inbs.com.br\/cursos\/conta-de-afiliado\/"]}]},{"@type":"BreadcrumbList","@id":"https:\/\/inbs.com.br\/cursos\/conta-de-afiliado\/#breadcrumb","itemListElement":[{"@type":"ListItem","position":1,"name":"Principal","item":"https:\/\/inbs.com.br\/cursos\/"},{"@type":"ListItem","position":2,"name":"Painel do afiliado"}]},{"@type":"WebSite","@id":"https:\/\/inbs.com.br\/cursos\/#website","url":"https:\/\/inbs.com.br\/cursos\/","name":"Cursos online - Instituto Brasileiro de Sustentabilidade","description":"Cursos 100% online com certificados digital e impresso.","publisher":{"@id":"https:\/\/inbs.com.br\/cursos\/#organization"},"potentialAction":[{"@type":"SearchAction","target":{"@type":"EntryPoint","urlTemplate":"https:\/\/inbs.com.br\/cursos\/?s={search_term_string}"},"query-input":{"@type":"PropertyValueSpecification","valueRequired":true,"valueName":"search_term_string"}}],"inLanguage":"pt-BR"},{"@type":"Organization","@id":"https:\/\/inbs.com.br\/cursos\/#organization","name":"Cursos online - Instituto Brasileiro de Sustentabilidade","url":"https:\/\/inbs.com.br\/cursos\/","logo":{"@type":"ImageObject","inLanguage":"pt-BR","@id":"https:\/\/inbs.com.br\/cursos\/#\/schema\/logo\/image\/","url":"https:\/\/inbs.com.br\/cursos\/wp-content\/uploads\/2022\/09\/quadrado-redes-sociais-e1664089729701.png","contentUrl":"https:\/\/inbs.com.br\/cursos\/wp-content\/uploads\/2022\/09\/quadrado-redes-sociais-e1664089729701.png","width":500,"height":280,"caption":"Cursos online - Instituto Brasileiro de Sustentabilidade"},"image":{"@id":"https:\/\/inbs.com.br\/cursos\/#\/schema\/logo\/image\/"},"sameAs":["https:\/\/www.instagram.com\/ibsustentabilidade","https:\/\/www.linkedin.com\/company\/3366339","https:\/\/www.youtube.com\/channel\/UCPz0PwTsRjXQQDbuvbGtokQ","https:\/\/br.pinterest.com\/ibsustentabilidade"]}]}},"_links":{"self":[{"href":"https:\/\/inbs.com.br\/cursos\/wp-json\/wp\/v2\/pages\/137318","targetHints":{"allow":["GET"]}}],"collection":[{"href":"https:\/\/inbs.com.br\/cursos\/wp-json\/wp\/v2\/pages"}],"about":[{"href":"https:\/\/inbs.com.br\/cursos\/wp-json\/wp\/v2\/types\/page"}],"author":[{"embeddable":true,"href":"https:\/\/inbs.com.br\/cursos\/wp-json\/wp\/v2\/users\/1"}],"replies":[{"embeddable":true,"href":"https:\/\/inbs.com.br\/cursos\/wp-json\/wp\/v2\/comments?post=137318"}],"version-history":[{"count":520,"href":"https:\/\/inbs.com.br\/cursos\/wp-json\/wp\/v2\/pages\/137318\/revisions"}],"predecessor-version":[{"id":150915,"href":"https:\/\/inbs.com.br\/cursos\/wp-json\/wp\/v2\/pages\/137318\/revisions\/150915"}],"wp:attachment":[{"href":"https:\/\/inbs.com.br\/cursos\/wp-json\/wp\/v2\/media?parent=137318"}],"curies":[{"name":"wp","href":"https:\/\/api.w.org\/{rel}","templated":true}]}}