{"id":144168,"date":"2025-08-05T22:45:26","date_gmt":"2025-08-06T01:45:26","guid":{"rendered":"https:\/\/inbs.com.br\/cursos\/?page_id=144168"},"modified":"2025-08-05T23:09:24","modified_gmt":"2025-08-06T02:09:24","slug":"eicfc","status":"publish","type":"page","link":"https:\/\/inbs.com.br\/cursos\/eicfc\/","title":{"rendered":"Grade EICFC"},"content":{"rendered":"\t\t<div data-elementor-type=\"wp-page\" data-elementor-id=\"144168\" class=\"elementor elementor-144168\">\n\t\t\t\t\t\t<section class=\"elementor-section elementor-top-section elementor-element elementor-element-7c5d3702 elementor-section-height-min-height elementor-section-boxed elementor-section-height-default elementor-section-items-middle\" data-id=\"7c5d3702\" data-element_type=\"section\" data-e-type=\"section\" data-settings=\"{&quot;background_background&quot;:&quot;classic&quot;}\">\n\t\t\t\t\t\t\t<div class=\"elementor-background-overlay\"><\/div>\n\t\t\t\t\t\t\t<div class=\"elementor-container elementor-column-gap-default\">\n\t\t\t\t\t<div class=\"elementor-column elementor-col-100 elementor-top-column elementor-element elementor-element-12d8eb32\" data-id=\"12d8eb32\" data-element_type=\"column\" data-e-type=\"column\">\n\t\t\t<div class=\"elementor-widget-wrap elementor-element-populated\">\n\t\t\t\t\t\t<div class=\"elementor-element elementor-element-2eb56b1b elementor-widget elementor-widget-heading\" data-id=\"2eb56b1b\" data-element_type=\"widget\" data-e-type=\"widget\" data-widget_type=\"heading.default\">\n\t\t\t\t<div class=\"elementor-widget-container\">\n\t\t\t\t\t<h1 class=\"elementor-heading-title elementor-size-default\">Grade dos cursos online<\/h1>\t\t\t\t<\/div>\n\t\t\t\t<\/div>\n\t\t\t\t<div class=\"elementor-element elementor-element-56c8d7d9 elementor-icon-list--layout-inline elementor-align-center elementor-list-item-link-full_width elementor-widget elementor-widget-icon-list\" data-id=\"56c8d7d9\" data-element_type=\"widget\" data-e-type=\"widget\" data-widget_type=\"icon-list.default\">\n\t\t\t\t<div class=\"elementor-widget-container\">\n\t\t\t\t\t\t\t<ul class=\"elementor-icon-list-items elementor-inline-items\">\n\t\t\t\t\t\t\t<li class=\"elementor-icon-list-item elementor-inline-item\">\n\t\t\t\t\t\t\t\t\t\t<span class=\"elementor-icon-list-text\">In\u00edcio<\/span>\n\t\t\t\t\t\t\t\t\t<\/li>\n\t\t\t\t\t\t\t\t<li class=\"elementor-icon-list-item elementor-inline-item\">\n\t\t\t\t\t\t\t\t\t\t\t<a href=\"https:\/\/inbs.com.br\/cursos\/elpa\">\n\n\t\t\t\t\t\t\t\t\t\t\t\t<span class=\"elementor-icon-list-icon\">\n\t\t\t\t\t\t\t<svg aria-hidden=\"true\" class=\"e-font-icon-svg e-fas-angle-double-right\" viewBox=\"0 0 448 512\" xmlns=\"http:\/\/www.w3.org\/2000\/svg\"><path d=\"M224.3 273l-136 136c-9.4 9.4-24.6 9.4-33.9 0l-22.6-22.6c-9.4-9.4-9.4-24.6 0-33.9l96.4-96.4-96.4-96.4c-9.4-9.4-9.4-24.6 0-33.9L54.3 103c9.4-9.4 24.6-9.4 33.9 0l136 136c9.5 9.4 9.5 24.6.1 34zm192-34l-136-136c-9.4-9.4-24.6-9.4-33.9 0l-22.6 22.6c-9.4 9.4-9.4 24.6 0 33.9l96.4 96.4-96.4 96.4c-9.4 9.4-9.4 24.6 0 33.9l22.6 22.6c9.4 9.4 24.6 9.4 33.9 0l136-136c9.4-9.2 9.4-24.4 0-33.8z\"><\/path><\/svg>\t\t\t\t\t\t<\/span>\n\t\t\t\t\t\t\t\t\t\t<span class=\"elementor-icon-list-text\">EICFC<\/span>\n\t\t\t\t\t\t\t\t\t\t\t<\/a>\n\t\t\t\t\t\t\t\t\t<\/li>\n\t\t\t\t\t\t<\/ul>\n\t\t\t\t\t\t<\/div>\n\t\t\t\t<\/div>\n\t\t\t\t\t<\/div>\n\t\t<\/div>\n\t\t\t\t\t<\/div>\n\t\t<\/section>\n\t\t\t\t<section class=\"elementor-section elementor-top-section elementor-element elementor-element-148a3343 elementor-section-boxed elementor-section-height-default elementor-section-height-default\" data-id=\"148a3343\" data-element_type=\"section\" data-e-type=\"section\">\n\t\t\t\t\t\t<div class=\"elementor-container elementor-column-gap-default\">\n\t\t\t\t\t<div class=\"elementor-column elementor-col-100 elementor-top-column elementor-element elementor-element-15df0779\" data-id=\"15df0779\" data-element_type=\"column\" data-e-type=\"column\">\n\t\t\t<div class=\"elementor-widget-wrap elementor-element-populated\">\n\t\t\t\t\t\t<div class=\"elementor-element elementor-element-5cb76298 elementor-widget elementor-widget-text-editor\" data-id=\"5cb76298\" data-element_type=\"widget\" data-e-type=\"widget\" data-widget_type=\"text-editor.default\">\n\t\t\t\t<div class=\"elementor-widget-container\">\n\t\t\t\t\t\t\t\t\t<p style=\"text-align: left;\">Siga o INBS no <a href=\"https:\/\/www.instagram.com\/ibsustentabilidade\/\">Instagram<\/a>, no <a href=\"https:\/\/www.youtube.com\/channel\/UCPz0PwTsRjXQQDbuvbGtokQ\">Youtube <\/a>e em nosso <a href=\"https:\/\/www.linkedin.com\/company\/3366339\/\">Linkedin<\/a>.<\/p>\t\t\t\t\t\t\t\t<\/div>\n\t\t\t\t<\/div>\n\t\t\t\t\t<\/div>\n\t\t<\/div>\n\t\t\t\t\t<\/div>\n\t\t<\/section>\n\t\t\t\t<\/div>\n\t\t","protected":false},"excerpt":{"rendered":"<p>Grade dos cursos online In\u00edcio EICFC Elabora\u00e7\u00e3o de Invent\u00e1rios de Carbono, Gest\u00e3o e Finan\u00e7as Clim\u00e1ticas 1) Introdu\u00e7\u00e3o \u00e0s Emiss\u00f5es e Mercados Regulado e Volunt\u00e1rio 2) An\u00e1lise Avan\u00e7ada do Mercado Regulado Brasileiro 3) Litig\u00e2ncia Clim\u00e1tica e Empresas 4) Invent\u00e1rios Carbono\/GEE \u2013 GHG Protocol 5) Invent\u00e1rios Carbono\/GEE \u2013 ISO 14064 6) Invent\u00e1rios de Emiss\u00f5es e Relat\u00f3rios de [&hellip;]<\/p>\n","protected":false},"author":1,"featured_media":0,"parent":0,"menu_order":0,"comment_status":"closed","ping_status":"closed","template":"","meta":{"_acf_changed":false,"site-sidebar-layout":"no-sidebar","site-content-layout":"page-builder","ast-site-content-layout":"full-width-container","site-content-style":"unboxed","site-sidebar-style":"unboxed","ast-global-header-display":"","ast-banner-title-visibility":"","ast-main-header-display":"","ast-hfb-above-header-display":"","ast-hfb-below-header-display":"","ast-hfb-mobile-header-display":"","site-post-title":"disabled","ast-breadcrumbs-content":"","ast-featured-img":"disabled","footer-sml-layout":"","ast-disable-related-posts":"","theme-transparent-header-meta":"","adv-header-id-meta":"","stick-header-meta":"","header-above-stick-meta":"","header-main-stick-meta":"","header-below-stick-meta":"","astra-migrate-meta-layouts":"set","ast-page-background-enabled":"default","ast-page-background-meta":{"desktop":{"background-color":"","background-image":"","background-repeat":"repeat","background-position":"center center","background-size":"auto","background-attachment":"scroll","background-type":"","background-media":"","overlay-type":"","overlay-color":"","overlay-opacity":"","overlay-gradient":""},"tablet":{"background-color":"","background-image":"","background-repeat":"repeat","background-position":"center center","background-size":"auto","background-attachment":"scroll","background-type":"","background-media":"","overlay-type":"","overlay-color":"","overlay-opacity":"","overlay-gradient":""},"mobile":{"background-color":"","background-image":"","background-repeat":"repeat","background-position":"center center","background-size":"auto","background-attachment":"scroll","background-type":"","background-media":"","overlay-type":"","overlay-color":"","overlay-opacity":"","overlay-gradient":""}},"ast-content-background-meta":{"desktop":{"background-color":"var(--ast-global-color-5)","background-image":"","background-repeat":"repeat","background-position":"center center","background-size":"auto","background-attachment":"scroll","background-type":"","background-media":"","overlay-type":"","overlay-color":"","overlay-opacity":"","overlay-gradient":""},"tablet":{"background-color":"var(--ast-global-color-5)","background-image":"","background-repeat":"repeat","background-position":"center center","background-size":"auto","background-attachment":"scroll","background-type":"","background-media":"","overlay-type":"","overlay-color":"","overlay-opacity":"","overlay-gradient":""},"mobile":{"background-color":"var(--ast-global-color-5)","background-image":"","background-repeat":"repeat","background-position":"center center","background-size":"auto","background-attachment":"scroll","background-type":"","background-media":"","overlay-type":"","overlay-color":"","overlay-opacity":"","overlay-gradient":""}},"footnotes":""},"class_list":["post-144168","page","type-page","status-publish","hentry"],"acf":[],"yoast_head":"<!-- This site is optimized with the Yoast SEO Premium plugin v22.2 (Yoast SEO v27.3) - https:\/\/yoast.com\/product\/yoast-seo-premium-wordpress\/ -->\n<title>Grade EICFC - Cursos online - INBS<\/title>\n<meta name=\"description\" content=\"Confira a grade curricular do curso online de Elabora\u00e7\u00e3o de Invent\u00e1rios de Carbono, Gest\u00e3o e Finan\u00e7as Clim\u00e1ticas\u200b, ministrado pelo INBS.\" \/>\n<meta name=\"robots\" content=\"index, follow, max-snippet:-1, max-image-preview:large, max-video-preview:-1\" \/>\n<link rel=\"canonical\" href=\"https:\/\/inbs.com.br\/cursos\/eicfc\/\" \/>\n<meta property=\"og:locale\" content=\"pt_BR\" \/>\n<meta property=\"og:type\" content=\"article\" \/>\n<meta property=\"og:title\" content=\"Grade EICFC\" \/>\n<meta property=\"og:description\" content=\"Confira a grade curricular do curso online de Elabora\u00e7\u00e3o de Invent\u00e1rios de Carbono, Gest\u00e3o e Finan\u00e7as Clim\u00e1ticas\u200b, ministrado pelo INBS.\" \/>\n<meta property=\"og:url\" content=\"https:\/\/inbs.com.br\/cursos\/eicfc\/\" \/>\n<meta property=\"og:site_name\" content=\"Cursos online - Instituto Brasileiro de Sustentabilidade\" \/>\n<meta property=\"article:modified_time\" content=\"2025-08-06T02:09:24+00:00\" \/>\n<meta property=\"og:image\" content=\"https:\/\/inbs.com.br\/cursos\/wp-content\/uploads\/2022\/08\/1052941.png\" \/>\n\t<meta property=\"og:image:width\" content=\"512\" \/>\n\t<meta property=\"og:image:height\" content=\"512\" \/>\n\t<meta property=\"og:image:type\" content=\"image\/png\" \/>\n<meta name=\"twitter:card\" content=\"summary_large_image\" \/>\n<meta name=\"twitter:label1\" content=\"Est. tempo de leitura\" \/>\n\t<meta name=\"twitter:data1\" content=\"2 minutos\" \/>\n<script type=\"application\/ld+json\" class=\"yoast-schema-graph\">{\"@context\":\"https:\\\/\\\/schema.org\",\"@graph\":[{\"@type\":\"WebPage\",\"@id\":\"https:\\\/\\\/inbs.com.br\\\/cursos\\\/eicfc\\\/\",\"url\":\"https:\\\/\\\/inbs.com.br\\\/cursos\\\/eicfc\\\/\",\"name\":\"Grade EICFC - Cursos online - INBS\",\"isPartOf\":{\"@id\":\"https:\\\/\\\/inbs.com.br\\\/cursos\\\/#website\"},\"primaryImageOfPage\":{\"@id\":\"https:\\\/\\\/inbs.com.br\\\/cursos\\\/eicfc\\\/#primaryimage\"},\"image\":{\"@id\":\"https:\\\/\\\/inbs.com.br\\\/cursos\\\/eicfc\\\/#primaryimage\"},\"thumbnailUrl\":\"https:\\\/\\\/inbs.com.br\\\/cursos\\\/wp-content\\\/uploads\\\/2022\\\/08\\\/1052941.png\",\"datePublished\":\"2025-08-06T01:45:26+00:00\",\"dateModified\":\"2025-08-06T02:09:24+00:00\",\"description\":\"Confira a grade curricular do curso online de Elabora\u00e7\u00e3o de Invent\u00e1rios de Carbono, Gest\u00e3o e Finan\u00e7as Clim\u00e1ticas\u200b, ministrado pelo INBS.\",\"breadcrumb\":{\"@id\":\"https:\\\/\\\/inbs.com.br\\\/cursos\\\/eicfc\\\/#breadcrumb\"},\"inLanguage\":\"pt-BR\",\"potentialAction\":[{\"@type\":\"ReadAction\",\"target\":[\"https:\\\/\\\/inbs.com.br\\\/cursos\\\/eicfc\\\/\"]}]},{\"@type\":\"ImageObject\",\"inLanguage\":\"pt-BR\",\"@id\":\"https:\\\/\\\/inbs.com.br\\\/cursos\\\/eicfc\\\/#primaryimage\",\"url\":\"https:\\\/\\\/inbs.com.br\\\/cursos\\\/wp-content\\\/uploads\\\/2022\\\/08\\\/1052941.png\",\"contentUrl\":\"https:\\\/\\\/inbs.com.br\\\/cursos\\\/wp-content\\\/uploads\\\/2022\\\/08\\\/1052941.png\",\"width\":512,\"height\":512},{\"@type\":\"BreadcrumbList\",\"@id\":\"https:\\\/\\\/inbs.com.br\\\/cursos\\\/eicfc\\\/#breadcrumb\",\"itemListElement\":[{\"@type\":\"ListItem\",\"position\":1,\"name\":\"Principal\",\"item\":\"https:\\\/\\\/inbs.com.br\\\/cursos\\\/\"},{\"@type\":\"ListItem\",\"position\":2,\"name\":\"Grade EICFC\"}]},{\"@type\":\"WebSite\",\"@id\":\"https:\\\/\\\/inbs.com.br\\\/cursos\\\/#website\",\"url\":\"https:\\\/\\\/inbs.com.br\\\/cursos\\\/\",\"name\":\"Cursos online - Instituto Brasileiro de Sustentabilidade\",\"description\":\"Cursos 100% online com certificados digital e impresso.\",\"publisher\":{\"@id\":\"https:\\\/\\\/inbs.com.br\\\/cursos\\\/#organization\"},\"potentialAction\":[{\"@type\":\"SearchAction\",\"target\":{\"@type\":\"EntryPoint\",\"urlTemplate\":\"https:\\\/\\\/inbs.com.br\\\/cursos\\\/?s={search_term_string}\"},\"query-input\":{\"@type\":\"PropertyValueSpecification\",\"valueRequired\":true,\"valueName\":\"search_term_string\"}}],\"inLanguage\":\"pt-BR\"},{\"@type\":\"Organization\",\"@id\":\"https:\\\/\\\/inbs.com.br\\\/cursos\\\/#organization\",\"name\":\"Cursos online - Instituto Brasileiro de Sustentabilidade\",\"url\":\"https:\\\/\\\/inbs.com.br\\\/cursos\\\/\",\"logo\":{\"@type\":\"ImageObject\",\"inLanguage\":\"pt-BR\",\"@id\":\"https:\\\/\\\/inbs.com.br\\\/cursos\\\/#\\\/schema\\\/logo\\\/image\\\/\",\"url\":\"https:\\\/\\\/inbs.com.br\\\/cursos\\\/wp-content\\\/uploads\\\/2022\\\/09\\\/quadrado-redes-sociais-e1664089729701.png\",\"contentUrl\":\"https:\\\/\\\/inbs.com.br\\\/cursos\\\/wp-content\\\/uploads\\\/2022\\\/09\\\/quadrado-redes-sociais-e1664089729701.png\",\"width\":500,\"height\":280,\"caption\":\"Cursos online - Instituto Brasileiro de Sustentabilidade\"},\"image\":{\"@id\":\"https:\\\/\\\/inbs.com.br\\\/cursos\\\/#\\\/schema\\\/logo\\\/image\\\/\"},\"sameAs\":[\"https:\\\/\\\/www.instagram.com\\\/ibsustentabilidade\",\"https:\\\/\\\/www.linkedin.com\\\/company\\\/3366339\",\"https:\\\/\\\/www.youtube.com\\\/channel\\\/UCPz0PwTsRjXQQDbuvbGtokQ\",\"https:\\\/\\\/br.pinterest.com\\\/ibsustentabilidade\"]}]}<\/script>\n<!-- \/ Yoast SEO Premium plugin. -->","yoast_head_json":{"title":"Grade EICFC - Cursos online - INBS","description":"Confira a grade curricular do curso online de Elabora\u00e7\u00e3o de Invent\u00e1rios de Carbono, Gest\u00e3o e Finan\u00e7as Clim\u00e1ticas\u200b, ministrado pelo INBS.","robots":{"index":"index","follow":"follow","max-snippet":"max-snippet:-1","max-image-preview":"max-image-preview:large","max-video-preview":"max-video-preview:-1"},"canonical":"https:\/\/inbs.com.br\/cursos\/eicfc\/","og_locale":"pt_BR","og_type":"article","og_title":"Grade EICFC","og_description":"Confira a grade curricular do curso online de Elabora\u00e7\u00e3o de Invent\u00e1rios de Carbono, Gest\u00e3o e Finan\u00e7as Clim\u00e1ticas\u200b, ministrado pelo INBS.","og_url":"https:\/\/inbs.com.br\/cursos\/eicfc\/","og_site_name":"Cursos online - Instituto Brasileiro de Sustentabilidade","article_modified_time":"2025-08-06T02:09:24+00:00","og_image":[{"width":512,"height":512,"url":"https:\/\/inbs.com.br\/cursos\/wp-content\/uploads\/2022\/08\/1052941.png","type":"image\/png"}],"twitter_card":"summary_large_image","twitter_misc":{"Est. tempo de leitura":"2 minutos"},"schema":{"@context":"https:\/\/schema.org","@graph":[{"@type":"WebPage","@id":"https:\/\/inbs.com.br\/cursos\/eicfc\/","url":"https:\/\/inbs.com.br\/cursos\/eicfc\/","name":"Grade EICFC - Cursos online - INBS","isPartOf":{"@id":"https:\/\/inbs.com.br\/cursos\/#website"},"primaryImageOfPage":{"@id":"https:\/\/inbs.com.br\/cursos\/eicfc\/#primaryimage"},"image":{"@id":"https:\/\/inbs.com.br\/cursos\/eicfc\/#primaryimage"},"thumbnailUrl":"https:\/\/inbs.com.br\/cursos\/wp-content\/uploads\/2022\/08\/1052941.png","datePublished":"2025-08-06T01:45:26+00:00","dateModified":"2025-08-06T02:09:24+00:00","description":"Confira a grade curricular do curso online de Elabora\u00e7\u00e3o de Invent\u00e1rios de Carbono, Gest\u00e3o e Finan\u00e7as Clim\u00e1ticas\u200b, ministrado pelo INBS.","breadcrumb":{"@id":"https:\/\/inbs.com.br\/cursos\/eicfc\/#breadcrumb"},"inLanguage":"pt-BR","potentialAction":[{"@type":"ReadAction","target":["https:\/\/inbs.com.br\/cursos\/eicfc\/"]}]},{"@type":"ImageObject","inLanguage":"pt-BR","@id":"https:\/\/inbs.com.br\/cursos\/eicfc\/#primaryimage","url":"https:\/\/inbs.com.br\/cursos\/wp-content\/uploads\/2022\/08\/1052941.png","contentUrl":"https:\/\/inbs.com.br\/cursos\/wp-content\/uploads\/2022\/08\/1052941.png","width":512,"height":512},{"@type":"BreadcrumbList","@id":"https:\/\/inbs.com.br\/cursos\/eicfc\/#breadcrumb","itemListElement":[{"@type":"ListItem","position":1,"name":"Principal","item":"https:\/\/inbs.com.br\/cursos\/"},{"@type":"ListItem","position":2,"name":"Grade EICFC"}]},{"@type":"WebSite","@id":"https:\/\/inbs.com.br\/cursos\/#website","url":"https:\/\/inbs.com.br\/cursos\/","name":"Cursos online - Instituto Brasileiro de Sustentabilidade","description":"Cursos 100% online com certificados digital e impresso.","publisher":{"@id":"https:\/\/inbs.com.br\/cursos\/#organization"},"potentialAction":[{"@type":"SearchAction","target":{"@type":"EntryPoint","urlTemplate":"https:\/\/inbs.com.br\/cursos\/?s={search_term_string}"},"query-input":{"@type":"PropertyValueSpecification","valueRequired":true,"valueName":"search_term_string"}}],"inLanguage":"pt-BR"},{"@type":"Organization","@id":"https:\/\/inbs.com.br\/cursos\/#organization","name":"Cursos online - Instituto Brasileiro de Sustentabilidade","url":"https:\/\/inbs.com.br\/cursos\/","logo":{"@type":"ImageObject","inLanguage":"pt-BR","@id":"https:\/\/inbs.com.br\/cursos\/#\/schema\/logo\/image\/","url":"https:\/\/inbs.com.br\/cursos\/wp-content\/uploads\/2022\/09\/quadrado-redes-sociais-e1664089729701.png","contentUrl":"https:\/\/inbs.com.br\/cursos\/wp-content\/uploads\/2022\/09\/quadrado-redes-sociais-e1664089729701.png","width":500,"height":280,"caption":"Cursos online - Instituto Brasileiro de Sustentabilidade"},"image":{"@id":"https:\/\/inbs.com.br\/cursos\/#\/schema\/logo\/image\/"},"sameAs":["https:\/\/www.instagram.com\/ibsustentabilidade","https:\/\/www.linkedin.com\/company\/3366339","https:\/\/www.youtube.com\/channel\/UCPz0PwTsRjXQQDbuvbGtokQ","https:\/\/br.pinterest.com\/ibsustentabilidade"]}]}},"_links":{"self":[{"href":"https:\/\/inbs.com.br\/cursos\/wp-json\/wp\/v2\/pages\/144168","targetHints":{"allow":["GET"]}}],"collection":[{"href":"https:\/\/inbs.com.br\/cursos\/wp-json\/wp\/v2\/pages"}],"about":[{"href":"https:\/\/inbs.com.br\/cursos\/wp-json\/wp\/v2\/types\/page"}],"author":[{"embeddable":true,"href":"https:\/\/inbs.com.br\/cursos\/wp-json\/wp\/v2\/users\/1"}],"replies":[{"embeddable":true,"href":"https:\/\/inbs.com.br\/cursos\/wp-json\/wp\/v2\/comments?post=144168"}],"version-history":[{"count":20,"href":"https:\/\/inbs.com.br\/cursos\/wp-json\/wp\/v2\/pages\/144168\/revisions"}],"predecessor-version":[{"id":144195,"href":"https:\/\/inbs.com.br\/cursos\/wp-json\/wp\/v2\/pages\/144168\/revisions\/144195"}],"wp:attachment":[{"href":"https:\/\/inbs.com.br\/cursos\/wp-json\/wp\/v2\/media?parent=144168"}],"curies":[{"name":"wp","href":"https:\/\/api.w.org\/{rel}","templated":true}]}}