{"id":27557,"date":"2021-12-02T21:19:23","date_gmt":"2021-12-03T00:19:23","guid":{"rendered":"https:\/\/inbs.com.br\/cursos\/?page_id=27557"},"modified":"2024-03-22T04:29:49","modified_gmt":"2024-03-22T07:29:49","slug":"verifica","status":"publish","type":"page","link":"https:\/\/inbs.com.br\/cursos\/verifica\/","title":{"rendered":"Verifica\u00e7\u00e3o de certificado"},"content":{"rendered":"\t\t<div data-elementor-type=\"wp-page\" data-elementor-id=\"27557\" class=\"elementor elementor-27557\">\n\t\t\t\t\t\t<section class=\"elementor-section elementor-top-section elementor-element elementor-element-a3bef10 elementor-section-boxed elementor-section-height-default elementor-section-height-default\" data-id=\"a3bef10\" data-element_type=\"section\" data-e-type=\"section\" data-settings=\"{&quot;background_background&quot;:&quot;classic&quot;}\">\n\t\t\t\t\t\t\t<div class=\"elementor-background-overlay\"><\/div>\n\t\t\t\t\t\t\t<div class=\"elementor-container elementor-column-gap-default\">\n\t\t\t\t\t<div class=\"elementor-column elementor-col-100 elementor-top-column elementor-element elementor-element-ab6cef7\" data-id=\"ab6cef7\" data-element_type=\"column\" data-e-type=\"column\">\n\t\t\t<div class=\"elementor-widget-wrap elementor-element-populated\">\n\t\t\t\t\t\t<div class=\"elementor-element elementor-element-07ba8ce elementor-widget elementor-widget-heading\" data-id=\"07ba8ce\" data-element_type=\"widget\" data-e-type=\"widget\" data-widget_type=\"heading.default\">\n\t\t\t\t<div class=\"elementor-widget-container\">\n\t\t\t\t\t<h2 class=\"elementor-heading-title elementor-size-default\">Verifica\u00e7\u00e3o de certificado<\/h2>\t\t\t\t<\/div>\n\t\t\t\t<\/div>\n\t\t\t\t\t<\/div>\n\t\t<\/div>\n\t\t\t\t\t<\/div>\n\t\t<\/section>\n\t\t\t\t<section class=\"elementor-section elementor-top-section elementor-element elementor-element-258ded5 elementor-section-boxed elementor-section-height-default elementor-section-height-default\" data-id=\"258ded5\" data-element_type=\"section\" data-e-type=\"section\">\n\t\t\t\t\t\t<div class=\"elementor-container elementor-column-gap-default\">\n\t\t\t\t\t<div class=\"elementor-column elementor-col-100 elementor-top-column elementor-element elementor-element-c2fea18\" data-id=\"c2fea18\" data-element_type=\"column\" data-e-type=\"column\">\n\t\t\t<div class=\"elementor-widget-wrap elementor-element-populated\">\n\t\t\t\t\t\t<div class=\"elementor-element elementor-element-f2ba742 form_verifica elementor-widget elementor-widget-shortcode\" data-id=\"f2ba742\" data-element_type=\"widget\" data-e-type=\"widget\" id=\"form_verifica\" data-widget_type=\"shortcode.default\">\n\t\t\t\t<div class=\"elementor-widget-container\">\n\t\t\t\t\t\t\t<div class=\"elementor-shortcode\"><div class=\"certificate-tracker\"><form id=\"search_form\"><div class=\"meta-row\"><div id=\"search-certificates\" class=\"meta-td\"><input name=\"search_by_id\" id=\"search_by_id\" maxlength=\"30\" size=\"25\" \/><input type=\"hidden\" id=\"xyq\" value=\"\" \/><input type=\"button\" id=\"search-btn\" value=\"Pesquisar\" class=\"button-primary\" onclick=\"elcSearchByID();\" \/><img src=https:\/\/inbs.com.br\/cursos\/wp-admin\/images\/loading.gif id=\"loading-animation-search\" style=\"display: none;margin-left: 1rem;\"><\/div><\/div><\/form><p id=\"search-table\" ><\/p><\/div><\/div>\n\t\t\t\t\t\t<\/div>\n\t\t\t\t<\/div>\n\t\t\t\t\t<\/div>\n\t\t<\/div>\n\t\t\t\t\t<\/div>\n\t\t<\/section>\n\t\t\t\t<section class=\"elementor-section elementor-top-section elementor-element elementor-element-4628ae9 elementor-section-boxed elementor-section-height-default elementor-section-height-default\" data-id=\"4628ae9\" data-element_type=\"section\" data-e-type=\"section\">\n\t\t\t\t\t\t<div class=\"elementor-container elementor-column-gap-default\">\n\t\t\t\t\t<div class=\"elementor-column elementor-col-100 elementor-top-column elementor-element elementor-element-c7ec79e\" data-id=\"c7ec79e\" data-element_type=\"column\" data-e-type=\"column\">\n\t\t\t<div class=\"elementor-widget-wrap elementor-element-populated\">\n\t\t\t\t\t\t<div class=\"elementor-element elementor-element-3392583 elementor-widget elementor-widget-heading\" data-id=\"3392583\" data-element_type=\"widget\" data-e-type=\"widget\" data-widget_type=\"heading.default\">\n\t\t\t\t<div class=\"elementor-widget-container\">\n\t\t\t\t\t<h4 class=\"elementor-heading-title elementor-size-default\">Orienta\u00e7\u00f5es<\/h4>\t\t\t\t<\/div>\n\t\t\t\t<\/div>\n\t\t\t\t<div class=\"elementor-element elementor-element-3a22808 elementor-widget elementor-widget-text-editor\" data-id=\"3a22808\" data-element_type=\"widget\" data-e-type=\"widget\" data-widget_type=\"text-editor.default\">\n\t\t\t\t<div class=\"elementor-widget-container\">\n\t\t\t\t\t\t\t\t\t<p>Temporariamente, recomendamos realizar a verifica\u00e7\u00e3o a partir de computador (desktop) ou notebook.<\/p><p>Aqui voc\u00ea poder\u00e1 verificar os certificados digitais obtidos por nossos alunos(as). Cada certificado possu\u00ed seu c\u00f3digo \u00fanico .&nbsp;<\/p>\n<p>Para verificar o certificado manualmente, basta <b>inserir o c\u00f3digo no campo abaixo<\/b> e clicar no bot\u00e3o verificar. O <b>c\u00f3digo encontra-se no certificado<\/b> digital como, por exemplo,&nbsp;<b>INBS-0000000000-00000-00.<\/b><\/p>\t\t\t\t\t\t\t\t<\/div>\n\t\t\t\t<\/div>\n\t\t\t\t\t<\/div>\n\t\t<\/div>\n\t\t\t\t\t<\/div>\n\t\t<\/section>\n\t\t\t\t<\/div>\n\t\t","protected":false},"excerpt":{"rendered":"<p>Verifica\u00e7\u00e3o de certificado Orienta\u00e7\u00f5es Temporariamente, recomendamos realizar a verifica\u00e7\u00e3o a partir de computador (desktop) ou notebook. Aqui voc\u00ea poder\u00e1 verificar os certificados digitais obtidos por nossos alunos(as). Cada certificado possu\u00ed seu c\u00f3digo \u00fanico .&nbsp; Para verificar o certificado manualmente, basta inserir o c\u00f3digo no campo abaixo e clicar no bot\u00e3o verificar. O c\u00f3digo encontra-se no [&hellip;]<\/p>\n","protected":false},"author":1,"featured_media":0,"parent":0,"menu_order":0,"comment_status":"closed","ping_status":"closed","template":"","meta":{"_acf_changed":false,"site-sidebar-layout":"no-sidebar","site-content-layout":"page-builder","ast-site-content-layout":"default","site-content-style":"default","site-sidebar-style":"default","ast-global-header-display":"","ast-banner-title-visibility":"","ast-main-header-display":"","ast-hfb-above-header-display":"","ast-hfb-below-header-display":"","ast-hfb-mobile-header-display":"","site-post-title":"disabled","ast-breadcrumbs-content":"","ast-featured-img":"disabled","footer-sml-layout":"","ast-disable-related-posts":"","theme-transparent-header-meta":"","adv-header-id-meta":"","stick-header-meta":"","header-above-stick-meta":"","header-main-stick-meta":"","header-below-stick-meta":"","astra-migrate-meta-layouts":"default","ast-page-background-enabled":"default","ast-page-background-meta":{"desktop":{"background-color":"","background-image":"","background-repeat":"repeat","background-position":"center center","background-size":"auto","background-attachment":"scroll","background-type":"","background-media":"","overlay-type":"","overlay-color":"","overlay-opacity":"","overlay-gradient":""},"tablet":{"background-color":"","background-image":"","background-repeat":"repeat","background-position":"center center","background-size":"auto","background-attachment":"scroll","background-type":"","background-media":"","overlay-type":"","overlay-color":"","overlay-opacity":"","overlay-gradient":""},"mobile":{"background-color":"","background-image":"","background-repeat":"repeat","background-position":"center center","background-size":"auto","background-attachment":"scroll","background-type":"","background-media":"","overlay-type":"","overlay-color":"","overlay-opacity":"","overlay-gradient":""}},"ast-content-background-meta":{"desktop":{"background-color":"var(--ast-global-color-5)","background-image":"","background-repeat":"repeat","background-position":"center center","background-size":"auto","background-attachment":"scroll","background-type":"","background-media":"","overlay-type":"","overlay-color":"","overlay-opacity":"","overlay-gradient":""},"tablet":{"background-color":"var(--ast-global-color-5)","background-image":"","background-repeat":"repeat","background-position":"center center","background-size":"auto","background-attachment":"scroll","background-type":"","background-media":"","overlay-type":"","overlay-color":"","overlay-opacity":"","overlay-gradient":""},"mobile":{"background-color":"var(--ast-global-color-5)","background-image":"","background-repeat":"repeat","background-position":"center center","background-size":"auto","background-attachment":"scroll","background-type":"","background-media":"","overlay-type":"","overlay-color":"","overlay-opacity":"","overlay-gradient":""}},"footnotes":""},"class_list":["post-27557","page","type-page","status-publish","hentry"],"acf":[],"yoast_head":"<!-- This site is optimized with the Yoast SEO Premium plugin v22.2 (Yoast SEO v27.3) - https:\/\/yoast.com\/product\/yoast-seo-premium-wordpress\/ -->\n<title>Verifica\u00e7\u00e3o de certificado - Cursos online - Instituto Brasileiro de Sustentabilidade<\/title>\n<meta name=\"robots\" content=\"index, follow, max-snippet:-1, max-image-preview:large, max-video-preview:-1\" \/>\n<link rel=\"canonical\" href=\"https:\/\/inbs.com.br\/cursos\/verifica\/\" \/>\n<meta property=\"og:locale\" content=\"pt_BR\" \/>\n<meta property=\"og:type\" content=\"article\" \/>\n<meta property=\"og:title\" content=\"Verifica\u00e7\u00e3o de certificado\" \/>\n<meta property=\"og:description\" content=\"Verifica\u00e7\u00e3o de certificado Orienta\u00e7\u00f5es Temporariamente, recomendamos realizar a verifica\u00e7\u00e3o a partir de computador (desktop) ou notebook. Aqui voc\u00ea poder\u00e1 verificar os certificados digitais obtidos por nossos alunos(as). Cada certificado possu\u00ed seu c\u00f3digo \u00fanico .&nbsp; Para verificar o certificado manualmente, basta inserir o c\u00f3digo no campo abaixo e clicar no bot\u00e3o verificar. O c\u00f3digo encontra-se no [&hellip;]\" \/>\n<meta property=\"og:url\" content=\"https:\/\/inbs.com.br\/cursos\/verifica\/\" \/>\n<meta property=\"og:site_name\" content=\"Cursos online - Instituto Brasileiro de Sustentabilidade\" \/>\n<meta property=\"article:modified_time\" content=\"2024-03-22T07:29:49+00:00\" \/>\n<meta name=\"twitter:card\" content=\"summary_large_image\" \/>\n<meta name=\"twitter:label1\" content=\"Est. tempo de leitura\" \/>\n\t<meta name=\"twitter:data1\" content=\"1 minuto\" \/>\n<script type=\"application\/ld+json\" class=\"yoast-schema-graph\">{\"@context\":\"https:\\\/\\\/schema.org\",\"@graph\":[{\"@type\":\"WebPage\",\"@id\":\"https:\\\/\\\/inbs.com.br\\\/cursos\\\/verifica\\\/\",\"url\":\"https:\\\/\\\/inbs.com.br\\\/cursos\\\/verifica\\\/\",\"name\":\"Verifica\u00e7\u00e3o de certificado - Cursos online - Instituto Brasileiro de Sustentabilidade\",\"isPartOf\":{\"@id\":\"https:\\\/\\\/inbs.com.br\\\/cursos\\\/#website\"},\"datePublished\":\"2021-12-03T00:19:23+00:00\",\"dateModified\":\"2024-03-22T07:29:49+00:00\",\"breadcrumb\":{\"@id\":\"https:\\\/\\\/inbs.com.br\\\/cursos\\\/verifica\\\/#breadcrumb\"},\"inLanguage\":\"pt-BR\",\"potentialAction\":[{\"@type\":\"ReadAction\",\"target\":[\"https:\\\/\\\/inbs.com.br\\\/cursos\\\/verifica\\\/\"]}]},{\"@type\":\"BreadcrumbList\",\"@id\":\"https:\\\/\\\/inbs.com.br\\\/cursos\\\/verifica\\\/#breadcrumb\",\"itemListElement\":[{\"@type\":\"ListItem\",\"position\":1,\"name\":\"Principal\",\"item\":\"https:\\\/\\\/inbs.com.br\\\/cursos\\\/\"},{\"@type\":\"ListItem\",\"position\":2,\"name\":\"Verifica\u00e7\u00e3o de certificado\"}]},{\"@type\":\"WebSite\",\"@id\":\"https:\\\/\\\/inbs.com.br\\\/cursos\\\/#website\",\"url\":\"https:\\\/\\\/inbs.com.br\\\/cursos\\\/\",\"name\":\"Cursos online - Instituto Brasileiro de Sustentabilidade\",\"description\":\"Cursos 100% online com certificados digital e impresso.\",\"publisher\":{\"@id\":\"https:\\\/\\\/inbs.com.br\\\/cursos\\\/#organization\"},\"potentialAction\":[{\"@type\":\"SearchAction\",\"target\":{\"@type\":\"EntryPoint\",\"urlTemplate\":\"https:\\\/\\\/inbs.com.br\\\/cursos\\\/?s={search_term_string}\"},\"query-input\":{\"@type\":\"PropertyValueSpecification\",\"valueRequired\":true,\"valueName\":\"search_term_string\"}}],\"inLanguage\":\"pt-BR\"},{\"@type\":\"Organization\",\"@id\":\"https:\\\/\\\/inbs.com.br\\\/cursos\\\/#organization\",\"name\":\"Cursos online - Instituto Brasileiro de Sustentabilidade\",\"url\":\"https:\\\/\\\/inbs.com.br\\\/cursos\\\/\",\"logo\":{\"@type\":\"ImageObject\",\"inLanguage\":\"pt-BR\",\"@id\":\"https:\\\/\\\/inbs.com.br\\\/cursos\\\/#\\\/schema\\\/logo\\\/image\\\/\",\"url\":\"https:\\\/\\\/inbs.com.br\\\/cursos\\\/wp-content\\\/uploads\\\/2022\\\/09\\\/quadrado-redes-sociais-e1664089729701.png\",\"contentUrl\":\"https:\\\/\\\/inbs.com.br\\\/cursos\\\/wp-content\\\/uploads\\\/2022\\\/09\\\/quadrado-redes-sociais-e1664089729701.png\",\"width\":500,\"height\":280,\"caption\":\"Cursos online - Instituto Brasileiro de Sustentabilidade\"},\"image\":{\"@id\":\"https:\\\/\\\/inbs.com.br\\\/cursos\\\/#\\\/schema\\\/logo\\\/image\\\/\"},\"sameAs\":[\"https:\\\/\\\/www.instagram.com\\\/ibsustentabilidade\",\"https:\\\/\\\/www.linkedin.com\\\/company\\\/3366339\",\"https:\\\/\\\/www.youtube.com\\\/channel\\\/UCPz0PwTsRjXQQDbuvbGtokQ\",\"https:\\\/\\\/br.pinterest.com\\\/ibsustentabilidade\"]}]}<\/script>\n<!-- \/ Yoast SEO Premium plugin. -->","yoast_head_json":{"title":"Verifica\u00e7\u00e3o de certificado - Cursos online - Instituto Brasileiro de Sustentabilidade","robots":{"index":"index","follow":"follow","max-snippet":"max-snippet:-1","max-image-preview":"max-image-preview:large","max-video-preview":"max-video-preview:-1"},"canonical":"https:\/\/inbs.com.br\/cursos\/verifica\/","og_locale":"pt_BR","og_type":"article","og_title":"Verifica\u00e7\u00e3o de certificado","og_description":"Verifica\u00e7\u00e3o de certificado Orienta\u00e7\u00f5es Temporariamente, recomendamos realizar a verifica\u00e7\u00e3o a partir de computador (desktop) ou notebook. Aqui voc\u00ea poder\u00e1 verificar os certificados digitais obtidos por nossos alunos(as). Cada certificado possu\u00ed seu c\u00f3digo \u00fanico .&nbsp; Para verificar o certificado manualmente, basta inserir o c\u00f3digo no campo abaixo e clicar no bot\u00e3o verificar. O c\u00f3digo encontra-se no [&hellip;]","og_url":"https:\/\/inbs.com.br\/cursos\/verifica\/","og_site_name":"Cursos online - Instituto Brasileiro de Sustentabilidade","article_modified_time":"2024-03-22T07:29:49+00:00","twitter_card":"summary_large_image","twitter_misc":{"Est. tempo de leitura":"1 minuto"},"schema":{"@context":"https:\/\/schema.org","@graph":[{"@type":"WebPage","@id":"https:\/\/inbs.com.br\/cursos\/verifica\/","url":"https:\/\/inbs.com.br\/cursos\/verifica\/","name":"Verifica\u00e7\u00e3o de certificado - Cursos online - Instituto Brasileiro de Sustentabilidade","isPartOf":{"@id":"https:\/\/inbs.com.br\/cursos\/#website"},"datePublished":"2021-12-03T00:19:23+00:00","dateModified":"2024-03-22T07:29:49+00:00","breadcrumb":{"@id":"https:\/\/inbs.com.br\/cursos\/verifica\/#breadcrumb"},"inLanguage":"pt-BR","potentialAction":[{"@type":"ReadAction","target":["https:\/\/inbs.com.br\/cursos\/verifica\/"]}]},{"@type":"BreadcrumbList","@id":"https:\/\/inbs.com.br\/cursos\/verifica\/#breadcrumb","itemListElement":[{"@type":"ListItem","position":1,"name":"Principal","item":"https:\/\/inbs.com.br\/cursos\/"},{"@type":"ListItem","position":2,"name":"Verifica\u00e7\u00e3o de certificado"}]},{"@type":"WebSite","@id":"https:\/\/inbs.com.br\/cursos\/#website","url":"https:\/\/inbs.com.br\/cursos\/","name":"Cursos online - Instituto Brasileiro de Sustentabilidade","description":"Cursos 100% online com certificados digital e impresso.","publisher":{"@id":"https:\/\/inbs.com.br\/cursos\/#organization"},"potentialAction":[{"@type":"SearchAction","target":{"@type":"EntryPoint","urlTemplate":"https:\/\/inbs.com.br\/cursos\/?s={search_term_string}"},"query-input":{"@type":"PropertyValueSpecification","valueRequired":true,"valueName":"search_term_string"}}],"inLanguage":"pt-BR"},{"@type":"Organization","@id":"https:\/\/inbs.com.br\/cursos\/#organization","name":"Cursos online - Instituto Brasileiro de Sustentabilidade","url":"https:\/\/inbs.com.br\/cursos\/","logo":{"@type":"ImageObject","inLanguage":"pt-BR","@id":"https:\/\/inbs.com.br\/cursos\/#\/schema\/logo\/image\/","url":"https:\/\/inbs.com.br\/cursos\/wp-content\/uploads\/2022\/09\/quadrado-redes-sociais-e1664089729701.png","contentUrl":"https:\/\/inbs.com.br\/cursos\/wp-content\/uploads\/2022\/09\/quadrado-redes-sociais-e1664089729701.png","width":500,"height":280,"caption":"Cursos online - Instituto Brasileiro de Sustentabilidade"},"image":{"@id":"https:\/\/inbs.com.br\/cursos\/#\/schema\/logo\/image\/"},"sameAs":["https:\/\/www.instagram.com\/ibsustentabilidade","https:\/\/www.linkedin.com\/company\/3366339","https:\/\/www.youtube.com\/channel\/UCPz0PwTsRjXQQDbuvbGtokQ","https:\/\/br.pinterest.com\/ibsustentabilidade"]}]}},"_links":{"self":[{"href":"https:\/\/inbs.com.br\/cursos\/wp-json\/wp\/v2\/pages\/27557","targetHints":{"allow":["GET"]}}],"collection":[{"href":"https:\/\/inbs.com.br\/cursos\/wp-json\/wp\/v2\/pages"}],"about":[{"href":"https:\/\/inbs.com.br\/cursos\/wp-json\/wp\/v2\/types\/page"}],"author":[{"embeddable":true,"href":"https:\/\/inbs.com.br\/cursos\/wp-json\/wp\/v2\/users\/1"}],"replies":[{"embeddable":true,"href":"https:\/\/inbs.com.br\/cursos\/wp-json\/wp\/v2\/comments?post=27557"}],"version-history":[{"count":0,"href":"https:\/\/inbs.com.br\/cursos\/wp-json\/wp\/v2\/pages\/27557\/revisions"}],"wp:attachment":[{"href":"https:\/\/inbs.com.br\/cursos\/wp-json\/wp\/v2\/media?parent=27557"}],"curies":[{"name":"wp","href":"https:\/\/api.w.org\/{rel}","templated":true}]}}