{"id":104721,"date":"2024-03-15T05:19:16","date_gmt":"2024-03-15T08:19:16","guid":{"rendered":"https:\/\/inbs.com.br\/cursos\/?post_type=product&#038;p=104721"},"modified":"2024-10-03T15:10:55","modified_gmt":"2024-10-03T18:10:55","slug":"esg-o-que-todo-profissional-deve-saber","status":"publish","type":"product","link":"https:\/\/inbs.com.br\/cursos\/produto\/esg-o-que-todo-profissional-deve-saber\/","title":{"rendered":"ESG, o que todo profissional deve saber"},"content":{"rendered":"<h2><strong>Apresenta\u00e7\u00e3o &#8211; Curso ESG<\/strong><\/h2>\n<p>ESG tem sido uma importante e necess\u00e1ria resposta das empresas aos desafios da sociedade atual, relacionados em especial \u00e0 integra\u00e7\u00e3o da gera\u00e7\u00e3o de valor econ\u00f4mico aliado \u00e0 preocupa\u00e7\u00e3o com as quest\u00f5es ambientais, sociais e de governan\u00e7a corporativa. A tem\u00e1tica abriu um leque de oportunidades para profissionais que desejam atuar na \u00e1rea. O que se busca s\u00e3o profissionais devidamente capacitados em ESG.<\/p>\n<h2><strong>Objetivos<\/strong><\/h2>\n<p>Apresentar a tem\u00e1tica ESG a profissionais\u00a0 que tenham interesse pela \u00e1rea,\u00a0 tendo em vista seu aprimoramento profissional para uma atua\u00e7\u00e3o destacada no mercado de trabalho. \u00c9 tamb\u00e9m objetivo proporcionar aos estudantes conhecimento introdut\u00f3rio acerca da \u00e1rea visando sua correta capacita\u00e7\u00e3o frente \u00e0s necessidades do mercado.<\/p>\n<h2><strong>Conte\u00fado do curso ESG<\/strong><\/h2>\n<section class=\"elementor-section elementor-top-section elementor-element elementor-element-7af626de elementor-section-boxed elementor-section-height-default elementor-section-height-default\" data-id=\"7af626de\" data-element_type=\"section\">\n<div class=\"elementor-container elementor-column-gap-default\">\n<div class=\"elementor-column elementor-col-50 elementor-top-column elementor-element elementor-element-786d3ac8\" data-id=\"786d3ac8\" data-element_type=\"column\">\n<div class=\"elementor-widget-wrap elementor-element-populated\">\n<div class=\"elementor-element elementor-element-7f686afa elementor-widget elementor-widget-heading\" data-id=\"7f686afa\" data-element_type=\"widget\" data-widget_type=\"heading.default\">\n<p><strong>1<\/strong> \u2013 ESG, Mercado e riscos.<br \/>\n<strong>2<\/strong> \u2013 ESG \u2013 Surgimento, hist\u00f3ria e os tr\u00eas pilares da sigla.<br \/>\n<strong>3<\/strong> \u2013 Fatores ESG como fonte de risco.<br \/>\n<strong>4<\/strong> \u2013 Pr\u00e1ticas ESG, desempenho e benef\u00edcios.<\/p>\n<\/div>\n<h2><strong>Certificado<\/strong><\/h2>\n<p>Os alunos concluintes que forem aprovados na avalia\u00e7\u00e3o final ter\u00e3o acesso imediato \u00e0 sua certifica\u00e7\u00e3o digital gratuita. Nossos certificados possuem validade em todo o territ\u00f3rio nacional.<\/p>\n<hr \/>\n<\/div>\n<\/div>\n<\/div>\n<\/section>\n","protected":false},"excerpt":{"rendered":"<p><strong>Carga hor\u00e1ria:<\/strong> 8 (oito) horas.<br \/>\nCurso <strong>gratuito<\/strong> com <strong>certificado<\/strong>.<br \/>\nCurso em <strong>v\u00eddeo<\/strong>. In\u00edcio imediato.<\/p>\n","protected":false},"featured_media":104690,"template":"","meta":{"_acf_changed":false,"site-sidebar-layout":"default","site-content-layout":"default","ast-site-content-layout":"default","site-content-style":"default","site-sidebar-style":"default","ast-global-header-display":"","ast-banner-title-visibility":"","ast-main-header-display":"","ast-hfb-above-header-display":"","ast-hfb-below-header-display":"","ast-hfb-mobile-header-display":"","site-post-title":"","ast-breadcrumbs-content":"","ast-featured-img":"","footer-sml-layout":"","ast-disable-related-posts":"","theme-transparent-header-meta":"default","adv-header-id-meta":"","stick-header-meta":"","header-above-stick-meta":"","header-main-stick-meta":"","header-below-stick-meta":"","astra-migrate-meta-layouts":"set","ast-page-background-enabled":"default","ast-page-background-meta":{"desktop":{"background-color":"","background-image":"","background-repeat":"repeat","background-position":"center center","background-size":"auto","background-attachment":"scroll","background-type":"","background-media":"","overlay-type":"","overlay-color":"","overlay-opacity":"","overlay-gradient":""},"tablet":{"background-color":"","background-image":"","background-repeat":"repeat","background-position":"center center","background-size":"auto","background-attachment":"scroll","background-type":"","background-media":"","overlay-type":"","overlay-color":"","overlay-opacity":"","overlay-gradient":""},"mobile":{"background-color":"","background-image":"","background-repeat":"repeat","background-position":"center center","background-size":"auto","background-attachment":"scroll","background-type":"","background-media":"","overlay-type":"","overlay-color":"","overlay-opacity":"","overlay-gradient":""}},"ast-content-background-meta":{"desktop":{"background-color":"var(--ast-global-color-5)","background-image":"","background-repeat":"repeat","background-position":"center center","background-size":"auto","background-attachment":"scroll","background-type":"","background-media":"","overlay-type":"","overlay-color":"","overlay-opacity":"","overlay-gradient":""},"tablet":{"background-color":"var(--ast-global-color-5)","background-image":"","background-repeat":"repeat","background-position":"center center","background-size":"auto","background-attachment":"scroll","background-type":"","background-media":"","overlay-type":"","overlay-color":"","overlay-opacity":"","overlay-gradient":""},"mobile":{"background-color":"var(--ast-global-color-5)","background-image":"","background-repeat":"repeat","background-position":"center center","background-size":"auto","background-attachment":"scroll","background-type":"","background-media":"","overlay-type":"","overlay-color":"","overlay-opacity":"","overlay-gradient":""}}},"product_cat":[32],"product_tag":[115,36,103,43],"class_list":{"0":"post-104721","1":"product","2":"type-product","3":"status-publish","4":"has-post-thumbnail","6":"product_cat-cursos-online-gratuitos","7":"product_tag-curso","8":"product_tag-esg","9":"product_tag-gratis","10":"product_tag-gratuito","11":"desktop-align-center","12":"tablet-align-left","13":"mobile-align-left","15":"first","16":"instock","17":"virtual","18":"sold-individually","19":"purchasable","20":"product-type-course"},"acf":[],"yoast_head":"<!-- This site is optimized with the Yoast SEO Premium plugin v22.2 (Yoast SEO v27.3) - https:\/\/yoast.com\/product\/yoast-seo-premium-wordpress\/ -->\n<title>Curso EAD gratuito: ESG, o que todo profissional deve saber<\/title>\n<meta name=\"description\" content=\"Curso ESG - Inscreva-se no curso online gratuito &quot;ESG, O que todo profissional deve saber&quot;. Certificado incluso, in\u00edcio imediato e aulas em v\u00eddeo.\" \/>\n<meta name=\"robots\" content=\"index, follow, max-snippet:-1, max-image-preview:large, max-video-preview:-1\" \/>\n<link rel=\"canonical\" href=\"https:\/\/inbs.com.br\/cursos\/produto\/esg-o-que-todo-profissional-deve-saber\/\" \/>\n<meta property=\"og:locale\" content=\"pt_BR\" \/>\n<meta property=\"og:type\" content=\"article\" \/>\n<meta property=\"og:title\" content=\"ESG, o que todo profissional deve saber\" \/>\n<meta property=\"og:description\" content=\"Curso ESG - Inscreva-se no curso online gratuito &quot;ESG, O que todo profissional deve saber&quot;. Certificado incluso, in\u00edcio imediato e aulas em v\u00eddeo.\" \/>\n<meta property=\"og:url\" content=\"https:\/\/inbs.com.br\/cursos\/produto\/esg-o-que-todo-profissional-deve-saber\/\" \/>\n<meta property=\"og:site_name\" content=\"Cursos online - Instituto Brasileiro de Sustentabilidade\" \/>\n<meta property=\"article:modified_time\" content=\"2024-10-03T18:10:55+00:00\" \/>\n<meta property=\"og:image\" content=\"https:\/\/inbs.com.br\/cursos\/wp-content\/uploads\/2024\/03\/Curso-online-ESG-o-que-todo-profissional-deve-saber-INBS.jpg\" \/>\n\t<meta property=\"og:image:width\" content=\"600\" \/>\n\t<meta property=\"og:image:height\" content=\"450\" \/>\n\t<meta property=\"og:image:type\" content=\"image\/jpeg\" \/>\n<meta name=\"twitter:card\" content=\"summary_large_image\" \/>\n<meta name=\"twitter:label1\" content=\"Est. tempo de leitura\" \/>\n\t<meta name=\"twitter:data1\" content=\"2 minutos\" \/>\n<script type=\"application\/ld+json\" class=\"yoast-schema-graph\">{\"@context\":\"https:\\\/\\\/schema.org\",\"@graph\":[{\"@type\":\"WebPage\",\"@id\":\"https:\\\/\\\/inbs.com.br\\\/cursos\\\/produto\\\/esg-o-que-todo-profissional-deve-saber\\\/\",\"url\":\"https:\\\/\\\/inbs.com.br\\\/cursos\\\/produto\\\/esg-o-que-todo-profissional-deve-saber\\\/\",\"name\":\"Curso EAD gratuito: ESG, o que todo profissional deve saber\",\"isPartOf\":{\"@id\":\"https:\\\/\\\/inbs.com.br\\\/cursos\\\/#website\"},\"primaryImageOfPage\":{\"@id\":\"https:\\\/\\\/inbs.com.br\\\/cursos\\\/produto\\\/esg-o-que-todo-profissional-deve-saber\\\/#primaryimage\"},\"image\":{\"@id\":\"https:\\\/\\\/inbs.com.br\\\/cursos\\\/produto\\\/esg-o-que-todo-profissional-deve-saber\\\/#primaryimage\"},\"thumbnailUrl\":\"https:\\\/\\\/inbs.com.br\\\/cursos\\\/wp-content\\\/uploads\\\/2024\\\/03\\\/Curso-online-ESG-o-que-todo-profissional-deve-saber-INBS.jpg\",\"datePublished\":\"2024-03-15T08:19:16+00:00\",\"dateModified\":\"2024-10-03T18:10:55+00:00\",\"description\":\"Curso ESG - Inscreva-se no curso online gratuito \\\"ESG, O que todo profissional deve saber\\\". Certificado incluso, in\u00edcio imediato e aulas em v\u00eddeo.\",\"breadcrumb\":{\"@id\":\"https:\\\/\\\/inbs.com.br\\\/cursos\\\/produto\\\/esg-o-que-todo-profissional-deve-saber\\\/#breadcrumb\"},\"inLanguage\":\"pt-BR\",\"potentialAction\":[{\"@type\":\"ReadAction\",\"target\":[\"https:\\\/\\\/inbs.com.br\\\/cursos\\\/produto\\\/esg-o-que-todo-profissional-deve-saber\\\/\"]}]},{\"@type\":\"ImageObject\",\"inLanguage\":\"pt-BR\",\"@id\":\"https:\\\/\\\/inbs.com.br\\\/cursos\\\/produto\\\/esg-o-que-todo-profissional-deve-saber\\\/#primaryimage\",\"url\":\"https:\\\/\\\/inbs.com.br\\\/cursos\\\/wp-content\\\/uploads\\\/2024\\\/03\\\/Curso-online-ESG-o-que-todo-profissional-deve-saber-INBS.jpg\",\"contentUrl\":\"https:\\\/\\\/inbs.com.br\\\/cursos\\\/wp-content\\\/uploads\\\/2024\\\/03\\\/Curso-online-ESG-o-que-todo-profissional-deve-saber-INBS.jpg\",\"width\":600,\"height\":450,\"caption\":\"Curso online ESG, o que todo profissional deve saber - INBS\"},{\"@type\":\"BreadcrumbList\",\"@id\":\"https:\\\/\\\/inbs.com.br\\\/cursos\\\/produto\\\/esg-o-que-todo-profissional-deve-saber\\\/#breadcrumb\",\"itemListElement\":[{\"@type\":\"ListItem\",\"position\":1,\"name\":\"Principal\",\"item\":\"https:\\\/\\\/inbs.com.br\\\/cursos\\\/\"},{\"@type\":\"ListItem\",\"position\":2,\"name\":\"Produtos\",\"item\":\"https:\\\/\\\/inbs.com.br\\\/cursos\\\/shop\\\/\"},{\"@type\":\"ListItem\",\"position\":3,\"name\":\"ESG, o que todo profissional deve saber\"}]},{\"@type\":\"WebSite\",\"@id\":\"https:\\\/\\\/inbs.com.br\\\/cursos\\\/#website\",\"url\":\"https:\\\/\\\/inbs.com.br\\\/cursos\\\/\",\"name\":\"Cursos online - Instituto Brasileiro de Sustentabilidade\",\"description\":\"Cursos 100% online com certificados digital e impresso.\",\"publisher\":{\"@id\":\"https:\\\/\\\/inbs.com.br\\\/cursos\\\/#organization\"},\"potentialAction\":[{\"@type\":\"SearchAction\",\"target\":{\"@type\":\"EntryPoint\",\"urlTemplate\":\"https:\\\/\\\/inbs.com.br\\\/cursos\\\/?s={search_term_string}\"},\"query-input\":{\"@type\":\"PropertyValueSpecification\",\"valueRequired\":true,\"valueName\":\"search_term_string\"}}],\"inLanguage\":\"pt-BR\"},{\"@type\":\"Organization\",\"@id\":\"https:\\\/\\\/inbs.com.br\\\/cursos\\\/#organization\",\"name\":\"Cursos online - Instituto Brasileiro de Sustentabilidade\",\"url\":\"https:\\\/\\\/inbs.com.br\\\/cursos\\\/\",\"logo\":{\"@type\":\"ImageObject\",\"inLanguage\":\"pt-BR\",\"@id\":\"https:\\\/\\\/inbs.com.br\\\/cursos\\\/#\\\/schema\\\/logo\\\/image\\\/\",\"url\":\"https:\\\/\\\/inbs.com.br\\\/cursos\\\/wp-content\\\/uploads\\\/2022\\\/09\\\/quadrado-redes-sociais-e1664089729701.png\",\"contentUrl\":\"https:\\\/\\\/inbs.com.br\\\/cursos\\\/wp-content\\\/uploads\\\/2022\\\/09\\\/quadrado-redes-sociais-e1664089729701.png\",\"width\":500,\"height\":280,\"caption\":\"Cursos online - Instituto Brasileiro de Sustentabilidade\"},\"image\":{\"@id\":\"https:\\\/\\\/inbs.com.br\\\/cursos\\\/#\\\/schema\\\/logo\\\/image\\\/\"},\"sameAs\":[\"https:\\\/\\\/www.instagram.com\\\/ibsustentabilidade\",\"https:\\\/\\\/www.linkedin.com\\\/company\\\/3366339\",\"https:\\\/\\\/www.youtube.com\\\/channel\\\/UCPz0PwTsRjXQQDbuvbGtokQ\",\"https:\\\/\\\/br.pinterest.com\\\/ibsustentabilidade\"]}]}<\/script>\n<!-- \/ Yoast SEO Premium plugin. -->","yoast_head_json":{"title":"Curso EAD gratuito: ESG, o que todo profissional deve saber","description":"Curso ESG - Inscreva-se no curso online gratuito \"ESG, O que todo profissional deve saber\". Certificado incluso, in\u00edcio imediato e aulas em v\u00eddeo.","robots":{"index":"index","follow":"follow","max-snippet":"max-snippet:-1","max-image-preview":"max-image-preview:large","max-video-preview":"max-video-preview:-1"},"canonical":"https:\/\/inbs.com.br\/cursos\/produto\/esg-o-que-todo-profissional-deve-saber\/","og_locale":"pt_BR","og_type":"article","og_title":"ESG, o que todo profissional deve saber","og_description":"Curso ESG - Inscreva-se no curso online gratuito \"ESG, O que todo profissional deve saber\". Certificado incluso, in\u00edcio imediato e aulas em v\u00eddeo.","og_url":"https:\/\/inbs.com.br\/cursos\/produto\/esg-o-que-todo-profissional-deve-saber\/","og_site_name":"Cursos online - Instituto Brasileiro de Sustentabilidade","article_modified_time":"2024-10-03T18:10:55+00:00","og_image":[{"width":600,"height":450,"url":"https:\/\/inbs.com.br\/cursos\/wp-content\/uploads\/2024\/03\/Curso-online-ESG-o-que-todo-profissional-deve-saber-INBS.jpg","type":"image\/jpeg"}],"twitter_card":"summary_large_image","twitter_misc":{"Est. tempo de leitura":"2 minutos"},"schema":{"@context":"https:\/\/schema.org","@graph":[{"@type":"WebPage","@id":"https:\/\/inbs.com.br\/cursos\/produto\/esg-o-que-todo-profissional-deve-saber\/","url":"https:\/\/inbs.com.br\/cursos\/produto\/esg-o-que-todo-profissional-deve-saber\/","name":"Curso EAD gratuito: ESG, o que todo profissional deve saber","isPartOf":{"@id":"https:\/\/inbs.com.br\/cursos\/#website"},"primaryImageOfPage":{"@id":"https:\/\/inbs.com.br\/cursos\/produto\/esg-o-que-todo-profissional-deve-saber\/#primaryimage"},"image":{"@id":"https:\/\/inbs.com.br\/cursos\/produto\/esg-o-que-todo-profissional-deve-saber\/#primaryimage"},"thumbnailUrl":"https:\/\/inbs.com.br\/cursos\/wp-content\/uploads\/2024\/03\/Curso-online-ESG-o-que-todo-profissional-deve-saber-INBS.jpg","datePublished":"2024-03-15T08:19:16+00:00","dateModified":"2024-10-03T18:10:55+00:00","description":"Curso ESG - Inscreva-se no curso online gratuito \"ESG, O que todo profissional deve saber\". Certificado incluso, in\u00edcio imediato e aulas em v\u00eddeo.","breadcrumb":{"@id":"https:\/\/inbs.com.br\/cursos\/produto\/esg-o-que-todo-profissional-deve-saber\/#breadcrumb"},"inLanguage":"pt-BR","potentialAction":[{"@type":"ReadAction","target":["https:\/\/inbs.com.br\/cursos\/produto\/esg-o-que-todo-profissional-deve-saber\/"]}]},{"@type":"ImageObject","inLanguage":"pt-BR","@id":"https:\/\/inbs.com.br\/cursos\/produto\/esg-o-que-todo-profissional-deve-saber\/#primaryimage","url":"https:\/\/inbs.com.br\/cursos\/wp-content\/uploads\/2024\/03\/Curso-online-ESG-o-que-todo-profissional-deve-saber-INBS.jpg","contentUrl":"https:\/\/inbs.com.br\/cursos\/wp-content\/uploads\/2024\/03\/Curso-online-ESG-o-que-todo-profissional-deve-saber-INBS.jpg","width":600,"height":450,"caption":"Curso online ESG, o que todo profissional deve saber - INBS"},{"@type":"BreadcrumbList","@id":"https:\/\/inbs.com.br\/cursos\/produto\/esg-o-que-todo-profissional-deve-saber\/#breadcrumb","itemListElement":[{"@type":"ListItem","position":1,"name":"Principal","item":"https:\/\/inbs.com.br\/cursos\/"},{"@type":"ListItem","position":2,"name":"Produtos","item":"https:\/\/inbs.com.br\/cursos\/shop\/"},{"@type":"ListItem","position":3,"name":"ESG, o que todo profissional deve saber"}]},{"@type":"WebSite","@id":"https:\/\/inbs.com.br\/cursos\/#website","url":"https:\/\/inbs.com.br\/cursos\/","name":"Cursos online - Instituto Brasileiro de Sustentabilidade","description":"Cursos 100% online com certificados digital e impresso.","publisher":{"@id":"https:\/\/inbs.com.br\/cursos\/#organization"},"potentialAction":[{"@type":"SearchAction","target":{"@type":"EntryPoint","urlTemplate":"https:\/\/inbs.com.br\/cursos\/?s={search_term_string}"},"query-input":{"@type":"PropertyValueSpecification","valueRequired":true,"valueName":"search_term_string"}}],"inLanguage":"pt-BR"},{"@type":"Organization","@id":"https:\/\/inbs.com.br\/cursos\/#organization","name":"Cursos online - Instituto Brasileiro de Sustentabilidade","url":"https:\/\/inbs.com.br\/cursos\/","logo":{"@type":"ImageObject","inLanguage":"pt-BR","@id":"https:\/\/inbs.com.br\/cursos\/#\/schema\/logo\/image\/","url":"https:\/\/inbs.com.br\/cursos\/wp-content\/uploads\/2022\/09\/quadrado-redes-sociais-e1664089729701.png","contentUrl":"https:\/\/inbs.com.br\/cursos\/wp-content\/uploads\/2022\/09\/quadrado-redes-sociais-e1664089729701.png","width":500,"height":280,"caption":"Cursos online - Instituto Brasileiro de Sustentabilidade"},"image":{"@id":"https:\/\/inbs.com.br\/cursos\/#\/schema\/logo\/image\/"},"sameAs":["https:\/\/www.instagram.com\/ibsustentabilidade","https:\/\/www.linkedin.com\/company\/3366339","https:\/\/www.youtube.com\/channel\/UCPz0PwTsRjXQQDbuvbGtokQ","https:\/\/br.pinterest.com\/ibsustentabilidade"]}]}},"_links":{"self":[{"href":"https:\/\/inbs.com.br\/cursos\/wp-json\/wp\/v2\/product\/104721","targetHints":{"allow":["GET"]}}],"collection":[{"href":"https:\/\/inbs.com.br\/cursos\/wp-json\/wp\/v2\/product"}],"about":[{"href":"https:\/\/inbs.com.br\/cursos\/wp-json\/wp\/v2\/types\/product"}],"wp:featuredmedia":[{"embeddable":true,"href":"https:\/\/inbs.com.br\/cursos\/wp-json\/wp\/v2\/media\/104690"}],"wp:attachment":[{"href":"https:\/\/inbs.com.br\/cursos\/wp-json\/wp\/v2\/media?parent=104721"}],"wp:term":[{"taxonomy":"product_cat","embeddable":true,"href":"https:\/\/inbs.com.br\/cursos\/wp-json\/wp\/v2\/product_cat?post=104721"},{"taxonomy":"product_tag","embeddable":true,"href":"https:\/\/inbs.com.br\/cursos\/wp-json\/wp\/v2\/product_tag?post=104721"}],"curies":[{"name":"wp","href":"https:\/\/api.w.org\/{rel}","templated":true}]}}