{"id":105047,"date":"2024-03-16T00:07:24","date_gmt":"2024-03-16T03:07:24","guid":{"rendered":"https:\/\/inbs.com.br\/cursos\/?post_type=product&#038;p=105047"},"modified":"2024-03-25T02:06:21","modified_gmt":"2024-03-25T05:06:21","slug":"guia-de-transicao-de-carreira-trabalhar-com-esg","status":"publish","type":"product","link":"https:\/\/inbs.com.br\/cursos\/produto\/guia-de-transicao-de-carreira-trabalhar-com-esg\/","title":{"rendered":"Guia de Transi\u00e7\u00e3o de Carreira para Trabalhar com ESG"},"content":{"rendered":"<p>O &#8220;Guia de Transi\u00e7\u00e3o de Carreira para Trabalhar com ESG&#8221; \u00e9 um e-book essencial para profissionais buscando explorar as oportunidades crescentes no campo de ESG (Environmental, Social, and Governance). Este guia detalhado oferece insights valiosos sobre como navegar a transi\u00e7\u00e3o de carreira para este mercado emergente, abordando desde os conceitos fundamentais de ESG at\u00e9 estrat\u00e9gias pr\u00e1ticas de aplica\u00e7\u00e3o.<\/p>\n<p>Perfeito para quem busca alinhar sua carreira com a sustentabilidade e governan\u00e7a corporativa, apresenta tamb\u00e9m um panorama de como diversas \u00e1reas de forma\u00e7\u00e3o podem se integrar ao universo do ESG. Com este e-book, profissionais de diversos setores ter\u00e3o o conhecimento necess\u00e1rio para se posicionar estrategicamente neste campo inovador e em r\u00e1pida expans\u00e3o. Ideal para quem deseja obter orienta\u00e7\u00e3o sobre os passos a serem seguidos visando uma atua\u00e7\u00e3o profissional na \u00e1rea de ESG.<\/p>\n<h2><strong>Conte\u00fado:<\/strong><\/h2>\n<p><strong>1. Uma Vis\u00e3o Introdut\u00f3ria:<\/strong> Apresenta uma vis\u00e3o geral sobre o mercado atual.<br \/>\n<strong>2. O que \u00e9 a Transi\u00e7\u00e3o de Carreira:<\/strong> Uma vis\u00e3o sobre a transi\u00e7\u00e3o de carreira e o mercado ESG.<br \/>\n<strong>3. ESG e Oportunidades:<\/strong>\u00a0 ESG, sua import\u00e2ncia e as oportunidades profissionais que oferece.<br \/>\n<strong>4. A Multidisciplinaridade do ESG:<\/strong> Apresenta como diferentes \u00e1reas de forma\u00e7\u00e3o podem contribuir para o segmento de ESG.<br \/>\n<strong>5. Os 3 Pilares:<\/strong> Explica os tr\u00eas componentes principais do ESG e sua aplica\u00e7\u00e3o no mercado.<br \/>\n<strong>6. Transi\u00e7\u00e3o de Carreira &#8211; Planejamento e A\u00e7\u00e3o:<\/strong> Um roteiro para o planejamento e a execu\u00e7\u00e3o de uma transi\u00e7\u00e3o de carreira para trabalhar com ESG.<br \/>\n<strong>7. \u00c1reas de Forma\u00e7\u00e3o e ESG:<\/strong> Mostra como diferentes campos de estudo se relacionam com o ESG.<br \/>\n<strong>8. \u00c1reas do Mercado e ESG:<\/strong> Explora como diferentes setores do mercado se relacionam com o ESG.<br \/>\n<strong>9. T\u00f3picos Considerados Essenciais:<\/strong> Destaca t\u00f3picos cruciais como normas e legisla\u00e7\u00f5es, tend\u00eancias do mercado financeiro, tecnologias e inova\u00e7\u00f5es sustent\u00e1veis, pr\u00e1ticas de sustentabilidade corporativa, e engajamento social e governan\u00e7a corporativa.<\/p>\n","protected":false},"excerpt":{"rendered":"<p>O &#8220;Guia de Transi\u00e7\u00e3o de Carreira para Trabalhar com ESG&#8221; \u00e9 um e-book essencial para profissionais buscando explorar as oportunidades crescentes no campo de ESG (Environmental, Social, and Governance). Este guia detalhado oferece insights valiosos sobre como navegar a transi\u00e7\u00e3o de carreira para este mercado emergente, abordando desde os conceitos fundamentais de ESG at\u00e9 estrat\u00e9gias [&hellip;]<\/p>\n","protected":false},"featured_media":101890,"template":"","meta":{"_acf_changed":false,"site-sidebar-layout":"default","site-content-layout":"","ast-site-content-layout":"default","site-content-style":"default","site-sidebar-style":"default","ast-global-header-display":"","ast-banner-title-visibility":"","ast-main-header-display":"","ast-hfb-above-header-display":"","ast-hfb-below-header-display":"","ast-hfb-mobile-header-display":"","site-post-title":"","ast-breadcrumbs-content":"","ast-featured-img":"","footer-sml-layout":"","ast-disable-related-posts":"","theme-transparent-header-meta":"default","adv-header-id-meta":"","stick-header-meta":"","header-above-stick-meta":"","header-main-stick-meta":"","header-below-stick-meta":"","astra-migrate-meta-layouts":"set","ast-page-background-enabled":"default","ast-page-background-meta":{"desktop":{"background-color":"","background-image":"","background-repeat":"repeat","background-position":"center center","background-size":"auto","background-attachment":"scroll","background-type":"","background-media":"","overlay-type":"","overlay-color":"","overlay-opacity":"","overlay-gradient":""},"tablet":{"background-color":"","background-image":"","background-repeat":"repeat","background-position":"center center","background-size":"auto","background-attachment":"scroll","background-type":"","background-media":"","overlay-type":"","overlay-color":"","overlay-opacity":"","overlay-gradient":""},"mobile":{"background-color":"","background-image":"","background-repeat":"repeat","background-position":"center center","background-size":"auto","background-attachment":"scroll","background-type":"","background-media":"","overlay-type":"","overlay-color":"","overlay-opacity":"","overlay-gradient":""}},"ast-content-background-meta":{"desktop":{"background-color":"var(--ast-global-color-5)","background-image":"","background-repeat":"repeat","background-position":"center center","background-size":"auto","background-attachment":"scroll","background-type":"","background-media":"","overlay-type":"","overlay-color":"","overlay-opacity":"","overlay-gradient":""},"tablet":{"background-color":"var(--ast-global-color-5)","background-image":"","background-repeat":"repeat","background-position":"center center","background-size":"auto","background-attachment":"scroll","background-type":"","background-media":"","overlay-type":"","overlay-color":"","overlay-opacity":"","overlay-gradient":""},"mobile":{"background-color":"var(--ast-global-color-5)","background-image":"","background-repeat":"repeat","background-position":"center center","background-size":"auto","background-attachment":"scroll","background-type":"","background-media":"","overlay-type":"","overlay-color":"","overlay-opacity":"","overlay-gradient":""}}},"product_cat":[113,111],"product_tag":[36,107,110,37,108,109],"class_list":{"0":"post-105047","1":"product","2":"type-product","3":"status-publish","4":"has-post-thumbnail","6":"product_cat-carreira","7":"product_cat-sustentabilidade-e-esg","8":"product_tag-esg","9":"product_tag-guia","10":"product_tag-oportunidades","11":"product_tag-sustentabilidade","12":"product_tag-trabalhar","13":"product_tag-transicao","14":"desktop-align-center","15":"tablet-align-left","16":"mobile-align-left","18":"first","19":"instock","20":"downloadable","21":"virtual","22":"purchasable","23":"product-type-simple"},"acf":[],"yoast_head":"<!-- This site is optimized with the Yoast SEO Premium plugin v22.2 (Yoast SEO v27.4) - https:\/\/yoast.com\/product\/yoast-seo-premium-wordpress\/ -->\n<title>Guia de Transi\u00e7\u00e3o de Carreira para Trabalhar com ESG - INBS<\/title>\n<meta name=\"description\" content=\"Um e-book essencial para quem pretende trabalhar com ESG, aproveitando todas as oportunidades na \u00e1rea. Um guia completo. Acesso imediato.\" \/>\n<meta name=\"robots\" content=\"index, follow, max-snippet:-1, max-image-preview:large, max-video-preview:-1\" \/>\n<link rel=\"canonical\" href=\"https:\/\/inbs.com.br\/cursos\/produto\/guia-de-transicao-de-carreira-trabalhar-com-esg\/\" \/>\n<meta property=\"og:locale\" content=\"pt_BR\" \/>\n<meta property=\"og:type\" content=\"article\" \/>\n<meta property=\"og:title\" content=\"Guia de Transi\u00e7\u00e3o de Carreira para Trabalhar com ESG\" \/>\n<meta property=\"og:description\" content=\"Um e-book essencial para quem pretende trabalhar com ESG, aproveitando todas as oportunidades na \u00e1rea. Um guia completo. Acesso imediato.\" \/>\n<meta property=\"og:url\" content=\"https:\/\/inbs.com.br\/cursos\/produto\/guia-de-transicao-de-carreira-trabalhar-com-esg\/\" \/>\n<meta property=\"og:site_name\" content=\"Cursos online - Instituto Brasileiro de Sustentabilidade\" \/>\n<meta property=\"article:modified_time\" content=\"2024-03-25T05:06:21+00:00\" \/>\n<meta property=\"og:image\" content=\"https:\/\/inbs.com.br\/cursos\/wp-content\/uploads\/2024\/03\/Carreira-Guia-de-Transicao-ESG.jpg\" \/>\n\t<meta property=\"og:image:width\" content=\"550\" \/>\n\t<meta property=\"og:image:height\" content=\"550\" \/>\n\t<meta property=\"og:image:type\" content=\"image\/jpeg\" \/>\n<meta name=\"twitter:card\" content=\"summary_large_image\" \/>\n<meta name=\"twitter:label1\" content=\"Est. tempo de leitura\" \/>\n\t<meta name=\"twitter:data1\" content=\"2 minutos\" \/>\n<script type=\"application\/ld+json\" class=\"yoast-schema-graph\">{\"@context\":\"https:\\\/\\\/schema.org\",\"@graph\":[{\"@type\":\"WebPage\",\"@id\":\"https:\\\/\\\/inbs.com.br\\\/cursos\\\/produto\\\/guia-de-transicao-de-carreira-trabalhar-com-esg\\\/\",\"url\":\"https:\\\/\\\/inbs.com.br\\\/cursos\\\/produto\\\/guia-de-transicao-de-carreira-trabalhar-com-esg\\\/\",\"name\":\"Guia de Transi\u00e7\u00e3o de Carreira para Trabalhar com ESG - INBS\",\"isPartOf\":{\"@id\":\"https:\\\/\\\/inbs.com.br\\\/cursos\\\/#website\"},\"primaryImageOfPage\":{\"@id\":\"https:\\\/\\\/inbs.com.br\\\/cursos\\\/produto\\\/guia-de-transicao-de-carreira-trabalhar-com-esg\\\/#primaryimage\"},\"image\":{\"@id\":\"https:\\\/\\\/inbs.com.br\\\/cursos\\\/produto\\\/guia-de-transicao-de-carreira-trabalhar-com-esg\\\/#primaryimage\"},\"thumbnailUrl\":\"https:\\\/\\\/inbs.com.br\\\/cursos\\\/wp-content\\\/uploads\\\/2024\\\/03\\\/Carreira-Guia-de-Transicao-ESG.jpg\",\"datePublished\":\"2024-03-16T03:07:24+00:00\",\"dateModified\":\"2024-03-25T05:06:21+00:00\",\"description\":\"Um e-book essencial para quem pretende trabalhar com ESG, aproveitando todas as oportunidades na \u00e1rea. Um guia completo. Acesso imediato.\",\"breadcrumb\":{\"@id\":\"https:\\\/\\\/inbs.com.br\\\/cursos\\\/produto\\\/guia-de-transicao-de-carreira-trabalhar-com-esg\\\/#breadcrumb\"},\"inLanguage\":\"pt-BR\",\"potentialAction\":[{\"@type\":\"ReadAction\",\"target\":[\"https:\\\/\\\/inbs.com.br\\\/cursos\\\/produto\\\/guia-de-transicao-de-carreira-trabalhar-com-esg\\\/\"]}]},{\"@type\":\"ImageObject\",\"inLanguage\":\"pt-BR\",\"@id\":\"https:\\\/\\\/inbs.com.br\\\/cursos\\\/produto\\\/guia-de-transicao-de-carreira-trabalhar-com-esg\\\/#primaryimage\",\"url\":\"https:\\\/\\\/inbs.com.br\\\/cursos\\\/wp-content\\\/uploads\\\/2024\\\/03\\\/Carreira-Guia-de-Transicao-ESG.jpg\",\"contentUrl\":\"https:\\\/\\\/inbs.com.br\\\/cursos\\\/wp-content\\\/uploads\\\/2024\\\/03\\\/Carreira-Guia-de-Transicao-ESG.jpg\",\"width\":550,\"height\":550,\"caption\":\"Carreira - Guia de Transi\u00e7\u00e3o ESG\"},{\"@type\":\"BreadcrumbList\",\"@id\":\"https:\\\/\\\/inbs.com.br\\\/cursos\\\/produto\\\/guia-de-transicao-de-carreira-trabalhar-com-esg\\\/#breadcrumb\",\"itemListElement\":[{\"@type\":\"ListItem\",\"position\":1,\"name\":\"Principal\",\"item\":\"https:\\\/\\\/inbs.com.br\\\/cursos\\\/\"},{\"@type\":\"ListItem\",\"position\":2,\"name\":\"Produtos\",\"item\":\"https:\\\/\\\/inbs.com.br\\\/cursos\\\/shop\\\/\"},{\"@type\":\"ListItem\",\"position\":3,\"name\":\"Guia de Transi\u00e7\u00e3o de Carreira para Trabalhar com ESG\"}]},{\"@type\":\"WebSite\",\"@id\":\"https:\\\/\\\/inbs.com.br\\\/cursos\\\/#website\",\"url\":\"https:\\\/\\\/inbs.com.br\\\/cursos\\\/\",\"name\":\"Cursos online - Instituto Brasileiro de Sustentabilidade\",\"description\":\"Cursos 100% online com certificados digital e impresso.\",\"publisher\":{\"@id\":\"https:\\\/\\\/inbs.com.br\\\/cursos\\\/#organization\"},\"potentialAction\":[{\"@type\":\"SearchAction\",\"target\":{\"@type\":\"EntryPoint\",\"urlTemplate\":\"https:\\\/\\\/inbs.com.br\\\/cursos\\\/?s={search_term_string}\"},\"query-input\":{\"@type\":\"PropertyValueSpecification\",\"valueRequired\":true,\"valueName\":\"search_term_string\"}}],\"inLanguage\":\"pt-BR\"},{\"@type\":\"Organization\",\"@id\":\"https:\\\/\\\/inbs.com.br\\\/cursos\\\/#organization\",\"name\":\"Cursos online - Instituto Brasileiro de Sustentabilidade\",\"url\":\"https:\\\/\\\/inbs.com.br\\\/cursos\\\/\",\"logo\":{\"@type\":\"ImageObject\",\"inLanguage\":\"pt-BR\",\"@id\":\"https:\\\/\\\/inbs.com.br\\\/cursos\\\/#\\\/schema\\\/logo\\\/image\\\/\",\"url\":\"https:\\\/\\\/inbs.com.br\\\/cursos\\\/wp-content\\\/uploads\\\/2022\\\/09\\\/quadrado-redes-sociais-e1664089729701.png\",\"contentUrl\":\"https:\\\/\\\/inbs.com.br\\\/cursos\\\/wp-content\\\/uploads\\\/2022\\\/09\\\/quadrado-redes-sociais-e1664089729701.png\",\"width\":500,\"height\":280,\"caption\":\"Cursos online - Instituto Brasileiro de Sustentabilidade\"},\"image\":{\"@id\":\"https:\\\/\\\/inbs.com.br\\\/cursos\\\/#\\\/schema\\\/logo\\\/image\\\/\"},\"sameAs\":[\"https:\\\/\\\/www.instagram.com\\\/ibsustentabilidade\",\"https:\\\/\\\/www.linkedin.com\\\/company\\\/3366339\",\"https:\\\/\\\/www.youtube.com\\\/channel\\\/UCPz0PwTsRjXQQDbuvbGtokQ\",\"https:\\\/\\\/br.pinterest.com\\\/ibsustentabilidade\"]}]}<\/script>\n<!-- \/ Yoast SEO Premium plugin. -->","yoast_head_json":{"title":"Guia de Transi\u00e7\u00e3o de Carreira para Trabalhar com ESG - INBS","description":"Um e-book essencial para quem pretende trabalhar com ESG, aproveitando todas as oportunidades na \u00e1rea. Um guia completo. Acesso imediato.","robots":{"index":"index","follow":"follow","max-snippet":"max-snippet:-1","max-image-preview":"max-image-preview:large","max-video-preview":"max-video-preview:-1"},"canonical":"https:\/\/inbs.com.br\/cursos\/produto\/guia-de-transicao-de-carreira-trabalhar-com-esg\/","og_locale":"pt_BR","og_type":"article","og_title":"Guia de Transi\u00e7\u00e3o de Carreira para Trabalhar com ESG","og_description":"Um e-book essencial para quem pretende trabalhar com ESG, aproveitando todas as oportunidades na \u00e1rea. Um guia completo. Acesso imediato.","og_url":"https:\/\/inbs.com.br\/cursos\/produto\/guia-de-transicao-de-carreira-trabalhar-com-esg\/","og_site_name":"Cursos online - Instituto Brasileiro de Sustentabilidade","article_modified_time":"2024-03-25T05:06:21+00:00","og_image":[{"width":550,"height":550,"url":"https:\/\/inbs.com.br\/cursos\/wp-content\/uploads\/2024\/03\/Carreira-Guia-de-Transicao-ESG.jpg","type":"image\/jpeg"}],"twitter_card":"summary_large_image","twitter_misc":{"Est. tempo de leitura":"2 minutos"},"schema":{"@context":"https:\/\/schema.org","@graph":[{"@type":"WebPage","@id":"https:\/\/inbs.com.br\/cursos\/produto\/guia-de-transicao-de-carreira-trabalhar-com-esg\/","url":"https:\/\/inbs.com.br\/cursos\/produto\/guia-de-transicao-de-carreira-trabalhar-com-esg\/","name":"Guia de Transi\u00e7\u00e3o de Carreira para Trabalhar com ESG - INBS","isPartOf":{"@id":"https:\/\/inbs.com.br\/cursos\/#website"},"primaryImageOfPage":{"@id":"https:\/\/inbs.com.br\/cursos\/produto\/guia-de-transicao-de-carreira-trabalhar-com-esg\/#primaryimage"},"image":{"@id":"https:\/\/inbs.com.br\/cursos\/produto\/guia-de-transicao-de-carreira-trabalhar-com-esg\/#primaryimage"},"thumbnailUrl":"https:\/\/inbs.com.br\/cursos\/wp-content\/uploads\/2024\/03\/Carreira-Guia-de-Transicao-ESG.jpg","datePublished":"2024-03-16T03:07:24+00:00","dateModified":"2024-03-25T05:06:21+00:00","description":"Um e-book essencial para quem pretende trabalhar com ESG, aproveitando todas as oportunidades na \u00e1rea. Um guia completo. Acesso imediato.","breadcrumb":{"@id":"https:\/\/inbs.com.br\/cursos\/produto\/guia-de-transicao-de-carreira-trabalhar-com-esg\/#breadcrumb"},"inLanguage":"pt-BR","potentialAction":[{"@type":"ReadAction","target":["https:\/\/inbs.com.br\/cursos\/produto\/guia-de-transicao-de-carreira-trabalhar-com-esg\/"]}]},{"@type":"ImageObject","inLanguage":"pt-BR","@id":"https:\/\/inbs.com.br\/cursos\/produto\/guia-de-transicao-de-carreira-trabalhar-com-esg\/#primaryimage","url":"https:\/\/inbs.com.br\/cursos\/wp-content\/uploads\/2024\/03\/Carreira-Guia-de-Transicao-ESG.jpg","contentUrl":"https:\/\/inbs.com.br\/cursos\/wp-content\/uploads\/2024\/03\/Carreira-Guia-de-Transicao-ESG.jpg","width":550,"height":550,"caption":"Carreira - Guia de Transi\u00e7\u00e3o ESG"},{"@type":"BreadcrumbList","@id":"https:\/\/inbs.com.br\/cursos\/produto\/guia-de-transicao-de-carreira-trabalhar-com-esg\/#breadcrumb","itemListElement":[{"@type":"ListItem","position":1,"name":"Principal","item":"https:\/\/inbs.com.br\/cursos\/"},{"@type":"ListItem","position":2,"name":"Produtos","item":"https:\/\/inbs.com.br\/cursos\/shop\/"},{"@type":"ListItem","position":3,"name":"Guia de Transi\u00e7\u00e3o de Carreira para Trabalhar com ESG"}]},{"@type":"WebSite","@id":"https:\/\/inbs.com.br\/cursos\/#website","url":"https:\/\/inbs.com.br\/cursos\/","name":"Cursos online - Instituto Brasileiro de Sustentabilidade","description":"Cursos 100% online com certificados digital e impresso.","publisher":{"@id":"https:\/\/inbs.com.br\/cursos\/#organization"},"potentialAction":[{"@type":"SearchAction","target":{"@type":"EntryPoint","urlTemplate":"https:\/\/inbs.com.br\/cursos\/?s={search_term_string}"},"query-input":{"@type":"PropertyValueSpecification","valueRequired":true,"valueName":"search_term_string"}}],"inLanguage":"pt-BR"},{"@type":"Organization","@id":"https:\/\/inbs.com.br\/cursos\/#organization","name":"Cursos online - Instituto Brasileiro de Sustentabilidade","url":"https:\/\/inbs.com.br\/cursos\/","logo":{"@type":"ImageObject","inLanguage":"pt-BR","@id":"https:\/\/inbs.com.br\/cursos\/#\/schema\/logo\/image\/","url":"https:\/\/inbs.com.br\/cursos\/wp-content\/uploads\/2022\/09\/quadrado-redes-sociais-e1664089729701.png","contentUrl":"https:\/\/inbs.com.br\/cursos\/wp-content\/uploads\/2022\/09\/quadrado-redes-sociais-e1664089729701.png","width":500,"height":280,"caption":"Cursos online - Instituto Brasileiro de Sustentabilidade"},"image":{"@id":"https:\/\/inbs.com.br\/cursos\/#\/schema\/logo\/image\/"},"sameAs":["https:\/\/www.instagram.com\/ibsustentabilidade","https:\/\/www.linkedin.com\/company\/3366339","https:\/\/www.youtube.com\/channel\/UCPz0PwTsRjXQQDbuvbGtokQ","https:\/\/br.pinterest.com\/ibsustentabilidade"]}]}},"_links":{"self":[{"href":"https:\/\/inbs.com.br\/cursos\/wp-json\/wp\/v2\/product\/105047","targetHints":{"allow":["GET"]}}],"collection":[{"href":"https:\/\/inbs.com.br\/cursos\/wp-json\/wp\/v2\/product"}],"about":[{"href":"https:\/\/inbs.com.br\/cursos\/wp-json\/wp\/v2\/types\/product"}],"wp:featuredmedia":[{"embeddable":true,"href":"https:\/\/inbs.com.br\/cursos\/wp-json\/wp\/v2\/media\/101890"}],"wp:attachment":[{"href":"https:\/\/inbs.com.br\/cursos\/wp-json\/wp\/v2\/media?parent=105047"}],"wp:term":[{"taxonomy":"product_cat","embeddable":true,"href":"https:\/\/inbs.com.br\/cursos\/wp-json\/wp\/v2\/product_cat?post=105047"},{"taxonomy":"product_tag","embeddable":true,"href":"https:\/\/inbs.com.br\/cursos\/wp-json\/wp\/v2\/product_tag?post=105047"}],"curies":[{"name":"wp","href":"https:\/\/api.w.org\/{rel}","templated":true}]}}